{"id":4611,"date":"2022-02-01T12:37:56","date_gmt":"2022-02-01T12:37:56","guid":{"rendered":"http:\/\/www.sda.liratravel.tn\/index.php\/a-propos-de-nous-copy\/"},"modified":"2022-02-03T10:22:36","modified_gmt":"2022-02-03T10:22:36","slug":"blog-2","status":"publish","type":"page","link":"https:\/\/sda.tn\/index.php\/blog-2\/","title":{"rendered":"Blog"},"content":{"rendered":"<p>[vc_row parallax_background_image=\u00a0\u00bb4741&Prime; parallax_bg_height=\u00a0\u00bb520px\u00a0\u00bb][vc_column]<div class=\"edgtf-elements-holder   edgtf-one-column  edgtf-responsive-mode-768 \" ><div class=\"edgtf-eh-item   edgtf-horizontal-alignment-center \"  data-item-class=\"edgtf-eh-custom-2946\" data-768-1024=\"187px 0 207px 0\" data-680-768=\"169px 0 113px 0\" data-680=\"142px 0 126px 0\">\n\t<div class=\"edgtf-eh-item-inner\">\n\t\t<div class=\"edgtf-eh-item-content edgtf-eh-custom-2946\" style=\"padding: 194px 0 0 0\">\n\t\t\t[vc_column_text]<\/p>\n<p style=\"text-align: center;\"><span style=\"color: #ffffff; font-family: 'Roboto Condensed',sans-serif; font-size: 100px; line-height: 105px; font-weight: bold;\">BLOG<\/span><\/p>\n<p>[\/vc_column_text]\t\t<\/div>\n\t<\/div>\n<\/div><\/div>[\/vc_column][\/vc_row][vc_row row_content_width=\u00a0\u00bbgrid\u00a0\u00bb css=\u00a0\u00bb.vc_custom_1511349004505{padding-top: 100px !important;padding-bottom: 100px !important;}\u00a0\u00bb][vc_column]<div class=\"edgtf-blog-list-holder edgtf-bl-alternating edgtf-bl-three-columns edgtf-normal-space edgtf-bl-pag-no-pagination  edgtf-show-info-on-appear edgtf-bl-has-parallax-scroll\"  data-type=alternating data-number-of-posts=5 data-number-of-columns=3 data-space-between-items=normal data-category=sda-blog data-orderby=date data-order=ASC data-image-size=full data-title-tag=h3 data-excerpt-length=23 data-post-info-section=yes data-post-info-image=yes data-post-info-author=yes data-post-info-date=yes data-post-info-category=yes data-post-info-comments=no data-post-info-like=no data-post-info-share=no data-pagination-type=no-pagination data-show-info-on-appear=yes data-enable-parallax-animation=yes data-max-num-pages=2 data-next-page=2>\n\t<div class=\"edgtf-bl-wrapper edgtf-outer-space\">\n\t\t<ul class=\"edgtf-blog-list\">\n\t\t\t<li class=\"edgtf-bl-item edgtf-item-space clearfix\" data-parallax=\"{&quot;y&quot;: -54, &quot;smoothness&quot;: 20}\">\n\t<div class=\"edgtf-bli-inner\">\n\t\t\n\t<div class=\"edgtf-post-image\">\n\t\t\t\t\t<a itemprop=\"url\" href=\"https:\/\/sda.tn\/index.php\/2017\/11\/06\/revue-et-guide-sur-le-placoplatre\/\" title=\"Revue et guide sur le Placoplatre\">\n\t\t\t\t\t<img width=\"1600\" height=\"1067\" src=\"https:\/\/sda.tn\/wp-content\/uploads\/2017\/11\/PLACO-CENTRE-CONGRES-JONZAC-CREDIT-PHOTO-PLACO-PHOTOGRAPHE-YANN-WERDEFROY-1908.jpg\" class=\"attachment-full size-full wp-post-image\" alt=\"\" loading=\"lazy\" srcset=\"https:\/\/sda.tn\/wp-content\/uploads\/2017\/11\/PLACO-CENTRE-CONGRES-JONZAC-CREDIT-PHOTO-PLACO-PHOTOGRAPHE-YANN-WERDEFROY-1908.jpg 1600w, https:\/\/sda.tn\/wp-content\/uploads\/2017\/11\/PLACO-CENTRE-CONGRES-JONZAC-CREDIT-PHOTO-PLACO-PHOTOGRAPHE-YANN-WERDEFROY-1908-300x200.jpg 300w, https:\/\/sda.tn\/wp-content\/uploads\/2017\/11\/PLACO-CENTRE-CONGRES-JONZAC-CREDIT-PHOTO-PLACO-PHOTOGRAPHE-YANN-WERDEFROY-1908-1024x683.jpg 1024w, https:\/\/sda.tn\/wp-content\/uploads\/2017\/11\/PLACO-CENTRE-CONGRES-JONZAC-CREDIT-PHOTO-PLACO-PHOTOGRAPHE-YANN-WERDEFROY-1908-768x512.jpg 768w, https:\/\/sda.tn\/wp-content\/uploads\/2017\/11\/PLACO-CENTRE-CONGRES-JONZAC-CREDIT-PHOTO-PLACO-PHOTOGRAPHE-YANN-WERDEFROY-1908-1536x1024.jpg 1536w\" sizes=\"(max-width: 1600px) 100vw, 1600px\" \/>\t\t\t\t\t<\/a>\n\t\t\t\t\t<\/div>\n\t\t<div class=\"edgtf-bli-content\" >\n\t\t\t<div class=\"edgtf-bli-content-inner\" >\n                <div class=\"edgtf-bli-content-holder\">\n                    <div class=\"edgtf-bli-content-holder-inner\">\n                        \n<h3 itemprop=\"name\" class=\"entry-title edgtf-post-title\" >\n            <a itemprop=\"url\" href=\"https:\/\/sda.tn\/index.php\/2017\/11\/06\/revue-et-guide-sur-le-placoplatre\/\" title=\"Revue et guide sur le Placoplatre\">\n            Revue et guide sur le Placoplatre            <\/a>\n    <\/h3>                            <div class=\"edgtf-bli-info\">\n                                <div class=\"edgtf-post-info-author\">\n    <span class=\"edgtf-post-info-author-text\">\n        by    <\/span>\n    <a itemprop=\"author\" class=\"edgtf-post-info-author-link\" href=\"https:\/\/sda.tn\/index.php\/author\/admin1668\/\">\n        admin1668    <\/a>\n<\/div><div class=\"edgtf-post-info-category\">\n    <a href=\"https:\/\/sda.tn\/index.php\/category\/sda-blog\/\" rel=\"category tag\">SDA BLOG<\/a><\/div><div itemprop=\"dateCreated\" class=\"edgtf-post-info-date entry-date published updated\">\n            <a itemprop=\"url\" href=\"https:\/\/sda.tn\/index.php\/2017\/11\/\">\n    \n        novembre 6, 2017        <\/a>\n    <meta itemprop=\"interactionCount\" content=\"UserComments: 3\"\/>\n<\/div>                            <\/div>\n                        \n                        <div class=\"edgtf-bli-excerpt\">\n        \t\t\t\t\t\t\t<div class=\"edgtf-post-excerpt-holder\">\n\t\t\t<p itemprop=\"description\" class=\"edgtf-post-excerpt\">\n\t\t\t\tLe Placoplatre est la solution pour votre r\u00e9novation ou finition maison. Le proc\u00e9d\u00e9 est de plus en plus pris\u00e9, ces temps-ci.\nPourquoi le Placoplatre\t\t\t<\/p>\n\t\t<\/div>\n\t        \t\t\t\t\t\t<div class=\"edgtf-post-read-more-button\">\n\t\t<a itemprop=\"url\" href=\"https:\/\/sda.tn\/index.php\/2017\/11\/06\/revue-et-guide-sur-le-placoplatre\/\" target=\"_self\" style=\"text-transform: capitalize\" class=\"edgtf-btn edgtf-btn-medium edgtf-btn-simple edgtf-btn-with-arrow edgtf-btn-text-on-hover\"  >            <span class=\"edgtf-btn-text\">Read More<\/span>            <span class=\"edgtf-btn-arrow\">            <svg version=\"1.1\" id=\"btn-arrow-1643977992\" xmlns=\"http:\/\/www.w3.org\/2000\/svg\" xmlns:xlink=\"http:\/\/www.w3.org\/1999\/xlink\" x=\"0px\" y=\"0px\"                 width=\"18px\" height=\"4px\" viewBox=\"0 0 18 4\" enable-background=\"new 0 0 18 4\" xml:space=\"preserve\">            \t<polyline fill=\"none\" stroke=\"#323232\" stroke-miterlimit=\"10\" points=\"0,3.508 16.809,3.508 13.686,0.342 \"\/>            <\/svg>        <\/span>    <\/a>\t<\/div>\n                        <\/div>\n                    <\/div>\n                <\/div>\n\t\t\t<\/div>\n\t\t<\/div>\n\t<\/div>\n<\/li><li class=\"edgtf-bl-item edgtf-item-space clearfix\" data-parallax=\"{&quot;y&quot;: -72, &quot;smoothness&quot;: 20}\">\n\t<div class=\"edgtf-bli-inner\">\n\t\t\n\t<div class=\"edgtf-post-image\">\n\t\t\t\t\t<a itemprop=\"url\" href=\"https:\/\/sda.tn\/index.php\/2021\/12\/23\/hello-world\/\" title=\"Laine de roche ou laine de verre &#8211; quelle est la diff\u00e9rence ?\">\n\t\t\t\t\t<img width=\"1300\" height=\"864\" src=\"https:\/\/sda.tn\/wp-content\/uploads\/2021\/12\/30002131-adobestock-405106521.jpeg\" class=\"attachment-full size-full wp-post-image\" alt=\"\" loading=\"lazy\" srcset=\"https:\/\/sda.tn\/wp-content\/uploads\/2021\/12\/30002131-adobestock-405106521.jpeg 1300w, https:\/\/sda.tn\/wp-content\/uploads\/2021\/12\/30002131-adobestock-405106521-300x199.jpeg 300w, https:\/\/sda.tn\/wp-content\/uploads\/2021\/12\/30002131-adobestock-405106521-1024x681.jpeg 1024w, https:\/\/sda.tn\/wp-content\/uploads\/2021\/12\/30002131-adobestock-405106521-768x510.jpeg 768w\" sizes=\"(max-width: 1300px) 100vw, 1300px\" \/>\t\t\t\t\t<\/a>\n\t\t\t\t\t<\/div>\n\t\t<div class=\"edgtf-bli-content\" >\n\t\t\t<div class=\"edgtf-bli-content-inner\" >\n                <div class=\"edgtf-bli-content-holder\">\n                    <div class=\"edgtf-bli-content-holder-inner\">\n                        \n<h3 itemprop=\"name\" class=\"entry-title edgtf-post-title\" >\n            <a itemprop=\"url\" href=\"https:\/\/sda.tn\/index.php\/2021\/12\/23\/hello-world\/\" title=\"Laine de roche ou laine de verre &#8211; quelle est la diff\u00e9rence ?\">\n            Laine de roche ou laine de verre &#8211; quelle est la diff\u00e9rence ?            <\/a>\n    <\/h3>                            <div class=\"edgtf-bli-info\">\n                                <div class=\"edgtf-post-info-author\">\n    <span class=\"edgtf-post-info-author-text\">\n        by    <\/span>\n    <a itemprop=\"author\" class=\"edgtf-post-info-author-link\" href=\"https:\/\/sda.tn\/index.php\/author\/admin1668\/\">\n        admin1668    <\/a>\n<\/div><div class=\"edgtf-post-info-category\">\n    <a href=\"https:\/\/sda.tn\/index.php\/category\/sda-blog\/\" rel=\"category tag\">SDA BLOG<\/a><\/div><div itemprop=\"dateCreated\" class=\"edgtf-post-info-date entry-date published updated\">\n            <a itemprop=\"url\" href=\"https:\/\/sda.tn\/index.php\/2021\/12\/\">\n    \n        d\u00e9cembre 23, 2021        <\/a>\n    <meta itemprop=\"interactionCount\" content=\"UserComments: 1\"\/>\n<\/div>                            <\/div>\n                        \n                        <div class=\"edgtf-bli-excerpt\">\n        \t\t\t\t\t\t\t<div class=\"edgtf-post-excerpt-holder\">\n\t\t\t<p itemprop=\"description\" class=\"edgtf-post-excerpt\">\n\t\t\t\t\nLa laine min\u00e9rale est un des&nbsp;meilleurs mat\u00e9riaux d\u2019isolation&nbsp;l\u00e9ger qui comprend \u00e0 la fois la laine de roche et&nbsp;la laine de verre. La laine\t\t\t<\/p>\n\t\t<\/div>\n\t        \t\t\t\t\t\t<div class=\"edgtf-post-read-more-button\">\n\t\t<a itemprop=\"url\" href=\"https:\/\/sda.tn\/index.php\/2021\/12\/23\/hello-world\/\" target=\"_self\" style=\"text-transform: capitalize\" class=\"edgtf-btn edgtf-btn-medium edgtf-btn-simple edgtf-btn-with-arrow edgtf-btn-text-on-hover\"  >            <span class=\"edgtf-btn-text\">Read More<\/span>            <span class=\"edgtf-btn-arrow\">            <svg version=\"1.1\" id=\"btn-arrow-89022820\" xmlns=\"http:\/\/www.w3.org\/2000\/svg\" xmlns:xlink=\"http:\/\/www.w3.org\/1999\/xlink\" x=\"0px\" y=\"0px\"                 width=\"18px\" height=\"4px\" viewBox=\"0 0 18 4\" enable-background=\"new 0 0 18 4\" xml:space=\"preserve\">            \t<polyline fill=\"none\" stroke=\"#323232\" stroke-miterlimit=\"10\" points=\"0,3.508 16.809,3.508 13.686,0.342 \"\/>            <\/svg>        <\/span>    <\/a>\t<\/div>\n                        <\/div>\n                    <\/div>\n                <\/div>\n\t\t\t<\/div>\n\t\t<\/div>\n\t<\/div>\n<\/li><li class=\"edgtf-bl-item edgtf-item-space clearfix\" data-parallax=\"{&quot;y&quot;: -56, &quot;smoothness&quot;: 20}\">\n\t<div class=\"edgtf-bli-inner\">\n\t\t\n\t<div class=\"edgtf-post-image\">\n\t\t\t\t\t<a itemprop=\"url\" href=\"https:\/\/sda.tn\/index.php\/2022\/03\/14\/hello-world-copy\/\" title=\"Le Faux Plancher Technique\">\n\t\t\t\t\t<img width=\"590\" height=\"443\" src=\"https:\/\/sda.tn\/wp-content\/uploads\/2022\/03\/plancher-technique.jpg\" class=\"attachment-full size-full wp-post-image\" alt=\"\" loading=\"lazy\" srcset=\"https:\/\/sda.tn\/wp-content\/uploads\/2022\/03\/plancher-technique.jpg 590w, https:\/\/sda.tn\/wp-content\/uploads\/2022\/03\/plancher-technique-300x225.jpg 300w\" sizes=\"(max-width: 590px) 100vw, 590px\" \/>\t\t\t\t\t<\/a>\n\t\t\t\t\t<\/div>\n\t\t<div class=\"edgtf-bli-content\" >\n\t\t\t<div class=\"edgtf-bli-content-inner\" >\n                <div class=\"edgtf-bli-content-holder\">\n                    <div class=\"edgtf-bli-content-holder-inner\">\n                        \n<h3 itemprop=\"name\" class=\"entry-title edgtf-post-title\" >\n            <a itemprop=\"url\" href=\"https:\/\/sda.tn\/index.php\/2022\/03\/14\/hello-world-copy\/\" title=\"Le Faux Plancher Technique\">\n            Le Faux Plancher Technique            <\/a>\n    <\/h3>                            <div class=\"edgtf-bli-info\">\n                                <div class=\"edgtf-post-info-author\">\n    <span class=\"edgtf-post-info-author-text\">\n        by    <\/span>\n    <a itemprop=\"author\" class=\"edgtf-post-info-author-link\" href=\"https:\/\/sda.tn\/index.php\/author\/admin1668\/\">\n        admin1668    <\/a>\n<\/div><div class=\"edgtf-post-info-category\">\n    <a href=\"https:\/\/sda.tn\/index.php\/category\/sda-blog\/\" rel=\"category tag\">SDA BLOG<\/a><\/div><div itemprop=\"dateCreated\" class=\"edgtf-post-info-date entry-date published updated\">\n            <a itemprop=\"url\" href=\"https:\/\/sda.tn\/index.php\/2022\/03\/\">\n    \n        mars 14, 2022        <\/a>\n    <meta itemprop=\"interactionCount\" content=\"UserComments: 0\"\/>\n<\/div>                            <\/div>\n                        \n                        <div class=\"edgtf-bli-excerpt\">\n        \t\t\t\t\t\t\t<div class=\"edgtf-post-excerpt-holder\">\n\t\t\t<p itemprop=\"description\" class=\"edgtf-post-excerpt\">\n\t\t\t\tLe\u00a0plancher technique\u00a0est con\u00e7u pour r\u00e9pondre aux exigences techniques de certaines\u00a0 soci\u00e9t\u00e9s, notamment les centres t\u00e9l\u00e9phoniques ou les locaux techniques n\u00e9cessitant de nombreux c\u00e2blages.\t\t\t<\/p>\n\t\t<\/div>\n\t        \t\t\t\t\t\t<div class=\"edgtf-post-read-more-button\">\n\t\t<a itemprop=\"url\" href=\"https:\/\/sda.tn\/index.php\/2022\/03\/14\/hello-world-copy\/\" target=\"_self\" style=\"text-transform: capitalize\" class=\"edgtf-btn edgtf-btn-medium edgtf-btn-simple edgtf-btn-with-arrow edgtf-btn-text-on-hover\"  >            <span class=\"edgtf-btn-text\">Read More<\/span>            <span class=\"edgtf-btn-arrow\">            <svg version=\"1.1\" id=\"btn-arrow-2058554491\" xmlns=\"http:\/\/www.w3.org\/2000\/svg\" xmlns:xlink=\"http:\/\/www.w3.org\/1999\/xlink\" x=\"0px\" y=\"0px\"                 width=\"18px\" height=\"4px\" viewBox=\"0 0 18 4\" enable-background=\"new 0 0 18 4\" xml:space=\"preserve\">            \t<polyline fill=\"none\" stroke=\"#323232\" stroke-miterlimit=\"10\" points=\"0,3.508 16.809,3.508 13.686,0.342 \"\/>            <\/svg>        <\/span>    <\/a>\t<\/div>\n                        <\/div>\n                    <\/div>\n                <\/div>\n\t\t\t<\/div>\n\t\t<\/div>\n\t<\/div>\n<\/li><li class=\"edgtf-bl-item edgtf-item-space clearfix\" data-parallax=\"{&quot;y&quot;: -58, &quot;smoothness&quot;: 20}\">\n\t<div class=\"edgtf-bli-inner\">\n\t\t\n\t<div class=\"edgtf-post-image\">\n\t\t\t\t\t<a itemprop=\"url\" href=\"https:\/\/sda.tn\/index.php\/2022\/04\/13\/hello-world-copy-copy\/\" title=\"Le parquet Stratifi\u00e9\">\n\t\t\t\t\t<img width=\"1156\" height=\"766\" src=\"https:\/\/sda.tn\/wp-content\/uploads\/2022\/04\/pose-sol-stratifie.jpg\" class=\"attachment-full size-full wp-post-image\" alt=\"\" loading=\"lazy\" srcset=\"https:\/\/sda.tn\/wp-content\/uploads\/2022\/04\/pose-sol-stratifie.jpg 1156w, https:\/\/sda.tn\/wp-content\/uploads\/2022\/04\/pose-sol-stratifie-300x199.jpg 300w, https:\/\/sda.tn\/wp-content\/uploads\/2022\/04\/pose-sol-stratifie-1024x679.jpg 1024w, https:\/\/sda.tn\/wp-content\/uploads\/2022\/04\/pose-sol-stratifie-768x509.jpg 768w\" sizes=\"(max-width: 1156px) 100vw, 1156px\" \/>\t\t\t\t\t<\/a>\n\t\t\t\t\t<\/div>\n\t\t<div class=\"edgtf-bli-content\" >\n\t\t\t<div class=\"edgtf-bli-content-inner\" >\n                <div class=\"edgtf-bli-content-holder\">\n                    <div class=\"edgtf-bli-content-holder-inner\">\n                        \n<h3 itemprop=\"name\" class=\"entry-title edgtf-post-title\" >\n            <a itemprop=\"url\" href=\"https:\/\/sda.tn\/index.php\/2022\/04\/13\/hello-world-copy-copy\/\" title=\"Le parquet Stratifi\u00e9\">\n            Le parquet Stratifi\u00e9            <\/a>\n    <\/h3>                            <div class=\"edgtf-bli-info\">\n                                <div class=\"edgtf-post-info-author\">\n    <span class=\"edgtf-post-info-author-text\">\n        by    <\/span>\n    <a itemprop=\"author\" class=\"edgtf-post-info-author-link\" href=\"https:\/\/sda.tn\/index.php\/author\/admin1668\/\">\n        admin1668    <\/a>\n<\/div><div class=\"edgtf-post-info-category\">\n    <a href=\"https:\/\/sda.tn\/index.php\/category\/sda-blog\/\" rel=\"category tag\">SDA BLOG<\/a><\/div><div itemprop=\"dateCreated\" class=\"edgtf-post-info-date entry-date published updated\">\n            <a itemprop=\"url\" href=\"https:\/\/sda.tn\/index.php\/2022\/04\/\">\n    \n        avril 13, 2022        <\/a>\n    <meta itemprop=\"interactionCount\" content=\"UserComments: 0\"\/>\n<\/div>                            <\/div>\n                        \n                        <div class=\"edgtf-bli-excerpt\">\n        \t\t\t\t\t\t\t<div class=\"edgtf-post-excerpt-holder\">\n\t\t\t<p itemprop=\"description\" class=\"edgtf-post-excerpt\">\n\t\t\t\tLe parquet stratifi\u00e9 se distingue notamment par son excellent rapport qualit\u00e9\/prix. En effet, il reste bien moins cher que le parquet massif pour\t\t\t<\/p>\n\t\t<\/div>\n\t        \t\t\t\t\t\t<div class=\"edgtf-post-read-more-button\">\n\t\t<a itemprop=\"url\" href=\"https:\/\/sda.tn\/index.php\/2022\/04\/13\/hello-world-copy-copy\/\" target=\"_self\" style=\"text-transform: capitalize\" class=\"edgtf-btn edgtf-btn-medium edgtf-btn-simple edgtf-btn-with-arrow edgtf-btn-text-on-hover\"  >            <span class=\"edgtf-btn-text\">Read More<\/span>            <span class=\"edgtf-btn-arrow\">            <svg version=\"1.1\" id=\"btn-arrow-1188081200\" xmlns=\"http:\/\/www.w3.org\/2000\/svg\" xmlns:xlink=\"http:\/\/www.w3.org\/1999\/xlink\" x=\"0px\" y=\"0px\"                 width=\"18px\" height=\"4px\" viewBox=\"0 0 18 4\" enable-background=\"new 0 0 18 4\" xml:space=\"preserve\">            \t<polyline fill=\"none\" stroke=\"#323232\" stroke-miterlimit=\"10\" points=\"0,3.508 16.809,3.508 13.686,0.342 \"\/>            <\/svg>        <\/span>    <\/a>\t<\/div>\n                        <\/div>\n                    <\/div>\n                <\/div>\n\t\t\t<\/div>\n\t\t<\/div>\n\t<\/div>\n<\/li><li class=\"edgtf-bl-item edgtf-item-space clearfix\" data-parallax=\"{&quot;y&quot;: -65, &quot;smoothness&quot;: 20}\">\n\t<div class=\"edgtf-bli-inner\">\n\t\t\n\t<div class=\"edgtf-post-image\">\n\t\t\t\t\t<a itemprop=\"url\" href=\"https:\/\/sda.tn\/index.php\/2022\/05\/26\/hello-world-copy-copy-copy\/\" title=\"Bien choisir son faux plafond\">\n\t\t\t\t\t<img width=\"800\" height=\"600\" src=\"https:\/\/sda.tn\/wp-content\/uploads\/2022\/05\/16-1.jpg\" class=\"attachment-full size-full wp-post-image\" alt=\"\" loading=\"lazy\" srcset=\"https:\/\/sda.tn\/wp-content\/uploads\/2022\/05\/16-1.jpg 800w, https:\/\/sda.tn\/wp-content\/uploads\/2022\/05\/16-1-300x225.jpg 300w, https:\/\/sda.tn\/wp-content\/uploads\/2022\/05\/16-1-768x576.jpg 768w\" sizes=\"(max-width: 800px) 100vw, 800px\" \/>\t\t\t\t\t<\/a>\n\t\t\t\t\t<\/div>\n\t\t<div class=\"edgtf-bli-content\" >\n\t\t\t<div class=\"edgtf-bli-content-inner\" >\n                <div class=\"edgtf-bli-content-holder\">\n                    <div class=\"edgtf-bli-content-holder-inner\">\n                        \n<h3 itemprop=\"name\" class=\"entry-title edgtf-post-title\" >\n            <a itemprop=\"url\" href=\"https:\/\/sda.tn\/index.php\/2022\/05\/26\/hello-world-copy-copy-copy\/\" title=\"Bien choisir son faux plafond\">\n            Bien choisir son faux plafond            <\/a>\n    <\/h3>                            <div class=\"edgtf-bli-info\">\n                                <div class=\"edgtf-post-info-author\">\n    <span class=\"edgtf-post-info-author-text\">\n        by    <\/span>\n    <a itemprop=\"author\" class=\"edgtf-post-info-author-link\" href=\"https:\/\/sda.tn\/index.php\/author\/admin1668\/\">\n        admin1668    <\/a>\n<\/div><div class=\"edgtf-post-info-category\">\n    <a href=\"https:\/\/sda.tn\/index.php\/category\/sda-blog\/\" rel=\"category tag\">SDA BLOG<\/a><\/div><div itemprop=\"dateCreated\" class=\"edgtf-post-info-date entry-date published updated\">\n            <a itemprop=\"url\" href=\"https:\/\/sda.tn\/index.php\/2022\/05\/\">\n    \n        mai 26, 2022        <\/a>\n    <meta itemprop=\"interactionCount\" content=\"UserComments: 0\"\/>\n<\/div>                            <\/div>\n                        \n                        <div class=\"edgtf-bli-excerpt\">\n        \t\t\t\t\t\t\t<div class=\"edgtf-post-excerpt-holder\">\n\t\t\t<p itemprop=\"description\" class=\"edgtf-post-excerpt\">\n\t\t\t\t\u00c0 la fois esth\u00e9tique et pratique, le\u00a0faux plafond pr\u00e9sente de nombreux avantages\u00a0puisqu\u2019il permet de renforcer l'isolation thermique et phonique d'une pi\u00e8ce ou encore\t\t\t<\/p>\n\t\t<\/div>\n\t        \t\t\t\t\t\t<div class=\"edgtf-post-read-more-button\">\n\t\t<a itemprop=\"url\" href=\"https:\/\/sda.tn\/index.php\/2022\/05\/26\/hello-world-copy-copy-copy\/\" target=\"_self\" style=\"text-transform: capitalize\" class=\"edgtf-btn edgtf-btn-medium edgtf-btn-simple edgtf-btn-with-arrow edgtf-btn-text-on-hover\"  >            <span class=\"edgtf-btn-text\">Read More<\/span>            <span class=\"edgtf-btn-arrow\">            <svg version=\"1.1\" id=\"btn-arrow-1212056482\" xmlns=\"http:\/\/www.w3.org\/2000\/svg\" xmlns:xlink=\"http:\/\/www.w3.org\/1999\/xlink\" x=\"0px\" y=\"0px\"                 width=\"18px\" height=\"4px\" viewBox=\"0 0 18 4\" enable-background=\"new 0 0 18 4\" xml:space=\"preserve\">            \t<polyline fill=\"none\" stroke=\"#323232\" stroke-miterlimit=\"10\" points=\"0,3.508 16.809,3.508 13.686,0.342 \"\/>            <\/svg>        <\/span>    <\/a>\t<\/div>\n                        <\/div>\n                    <\/div>\n                <\/div>\n\t\t\t<\/div>\n\t\t<\/div>\n\t<\/div>\n<\/li>\t\t<\/ul>\n\t<\/div>\n\t<\/div>[\/vc_column][\/vc_row]<\/p>\n","protected":false},"excerpt":{"rendered":"<p>[vc_row parallax_background_image=\u00a0\u00bb4741&Prime; parallax_bg_height=\u00a0\u00bb520px\u00a0\u00bb][vc_column][\/vc_column][\/vc_row][vc_row row_content_width=\u00a0\u00bbgrid\u00a0\u00bb css=\u00a0\u00bb.vc_custom_1511349004505{padding-top: 100px !important;padding-bottom: 100px !important;}\u00a0\u00bb][vc_column][\/vc_column][\/vc_row]<\/p>\n","protected":false},"author":1,"featured_media":0,"parent":0,"menu_order":0,"comment_status":"closed","ping_status":"closed","template":"full-width.php","meta":[],"_links":{"self":[{"href":"https:\/\/sda.tn\/index.php\/wp-json\/wp\/v2\/pages\/4611"}],"collection":[{"href":"https:\/\/sda.tn\/index.php\/wp-json\/wp\/v2\/pages"}],"about":[{"href":"https:\/\/sda.tn\/index.php\/wp-json\/wp\/v2\/types\/page"}],"author":[{"embeddable":true,"href":"https:\/\/sda.tn\/index.php\/wp-json\/wp\/v2\/users\/1"}],"replies":[{"embeddable":true,"href":"https:\/\/sda.tn\/index.php\/wp-json\/wp\/v2\/comments?post=4611"}],"version-history":[{"count":3,"href":"https:\/\/sda.tn\/index.php\/wp-json\/wp\/v2\/pages\/4611\/revisions"}],"predecessor-version":[{"id":4742,"href":"https:\/\/sda.tn\/index.php\/wp-json\/wp\/v2\/pages\/4611\/revisions\/4742"}],"wp:attachment":[{"href":"https:\/\/sda.tn\/index.php\/wp-json\/wp\/v2\/media?parent=4611"}],"curies":[{"name":"wp","href":"https:\/\/api.w.org\/{rel}","templated":true}]}}