{"id":4035,"date":"2022-01-10T15:32:39","date_gmt":"2022-01-10T15:32:39","guid":{"rendered":"http:\/\/www.sda.liratravel.tn\/index.php\/revetement-de-sol-copy\/"},"modified":"2022-02-03T12:11:40","modified_gmt":"2022-02-03T12:11:40","slug":"trappe-de-visite","status":"publish","type":"page","link":"https:\/\/sda.tn\/index.php\/trappe-de-visite\/","title":{"rendered":"Trappe de visite"},"content":{"rendered":"<p>[vc_row row_content_width=\u00a0\u00bbgrid\u00a0\u00bb css=\u00a0\u00bb.vc_custom_1513333482804{margin-top: -566px !important;}\u00a0\u00bb][vc_column]<div class=\"edgtf-elements-holder   edgtf-one-column  edgtf-responsive-mode-768 \" ><div class=\"edgtf-eh-item    \"  data-item-class=\"edgtf-eh-custom-6344\" data-1280-1600=\"110px 0px 0px 0px\" data-1024-1280=\"110px 0px 0px 0px\" data-768-1024=\"150px 0px 0px 0px\" data-680-768=\"300px 0px 0px 0px\" data-680=\"380px 0px 0px 0px\">\n\t<div class=\"edgtf-eh-item-inner\">\n\t\t<div class=\"edgtf-eh-item-content edgtf-eh-custom-6344\" style=\"padding: 25px 0px 0px 0px\">\n\t\t\t<div class=\"edgtf-portfolio-slider-holder\"><div class=\"edgtf-portfolio-list-holder edgtf-pl-gallery edgtf-large-space edgtf-pl-three-columns edgtf-pl-standard-shader edgtf-pl-skin-dark   edgtf-pl-no-content edgtf-pl-pag-no-pagination     edgtf-pag-below-slider edgtf-three-images-scrollable\"  data-type=gallery data-item-type=gallery data-space-between-items=large data-number-of-items=9 data-image-proportions=full data-enable-fixed-proportions=no data-enable-image-shadow=no data-category=trappe-de-visite data-orderby=date data-order=ASC data-item-style=standard-shader data-item-skin=dark data-enable-title=no data-title-tag=h4 data-enable-category=no data-enable-count-images=no data-enable-excerpt=no data-excerpt-length=20 data-additional-data=year data-three-images=yes data-pagination-type=no-pagination data-filter=no data-filter-order-by=name data-enable-article-animation=no data-portfolio-slider-on=yes data-enable-loop=no data-enable-autoplay=yes data-slider-speed=5000 data-slider-speed-animation=600 data-enable-navigation=yes data-out-navigation=yes data-enable-pagination=no data-pagination-position=below-slider data-max-num-pages=1 data-next-page=2>\n\t\t<div class=\"edgtf-pl-inner edgtf-outer-space edgtf-owl-slider edgtf-pl-is-slider edgtf-pl-slider-nav-out clearfix\">\n\t\t<article class=\"edgtf-pl-item edgtf-item-space  post-4483 portfolio-item type-portfolio-item status-publish has-post-thumbnail hentry portfolio-category-trappe-de-visite\">\n    <div class=\"edgtf-pl-item-inner\">\n        <div class=\"edgtf-pli-image\">\n\t<img width=\"1200\" height=\"640\" src=\"https:\/\/sda.tn\/wp-content\/uploads\/2022\/01\/trappe1.jpg\" class=\"attachment-full size-full wp-post-image\" alt=\"\" loading=\"lazy\" srcset=\"https:\/\/sda.tn\/wp-content\/uploads\/2022\/01\/trappe1.jpg 1200w, https:\/\/sda.tn\/wp-content\/uploads\/2022\/01\/trappe1-300x160.jpg 300w, https:\/\/sda.tn\/wp-content\/uploads\/2022\/01\/trappe1-1024x546.jpg 1024w, https:\/\/sda.tn\/wp-content\/uploads\/2022\/01\/trappe1-768x410.jpg 768w\" sizes=\"(max-width: 1200px) 100vw, 1200px\" \/><\/div>\n<div class=\"edgtf-pli-text-holder\">\n\t<div class=\"edgtf-pli-text-wrapper\">\n\t\t<div class=\"edgtf-pli-text\">\n\t\t\t\n\t\t\t\n\t\t\t\n\t\t\t\t\t\t<div class=\"edgtf-pli-text-read-more-button\">\n\t\t\t\t<a itemprop=\"url\" href=\"https:\/\/sda.tn\/index.php\/portfolio-item\/trappe-de-visite-1\/\" target=\"_self\" class=\"edgtf-btn edgtf-btn-medium edgtf-btn-simple edgtf-pli-button\">\n\t\t\t\t\t<svg version=\"1.1\" id=\"btn-arrow-1470852269\" xmlns=\"http:\/\/www.w3.org\/2000\/svg\" xmlns:xlink=\"http:\/\/www.w3.org\/1999\/xlink\" x=\"0px\" y=\"0px\"\n\t\t\t\t\t\t width=\"18px\" height=\"4px\" viewBox=\"0 0 18 4\" enable-background=\"new 0 0 18 4\" xml:space=\"preserve\">\n                <polyline fill=\"none\" stroke=\"#323232\" stroke-miterlimit=\"10\" points=\"0,3.508 16.809,3.508 13.686,0.342 \"\/>\n                <\/svg>\n\t\t\t\t<\/a>\n\t\t\t<\/div>\n\t\t<\/div>\n\t<\/div>\n<\/div>\n            <\/div>\n<\/article><article class=\"edgtf-pl-item edgtf-item-space  post-4484 portfolio-item type-portfolio-item status-publish has-post-thumbnail hentry portfolio-category-trappe-de-visite\">\n    <div class=\"edgtf-pl-item-inner\">\n        <div class=\"edgtf-pli-image\">\n\t<img width=\"1200\" height=\"640\" src=\"https:\/\/sda.tn\/wp-content\/uploads\/2022\/01\/trappe2.jpg\" class=\"attachment-full size-full wp-post-image\" alt=\"\" loading=\"lazy\" srcset=\"https:\/\/sda.tn\/wp-content\/uploads\/2022\/01\/trappe2.jpg 1200w, https:\/\/sda.tn\/wp-content\/uploads\/2022\/01\/trappe2-300x160.jpg 300w, https:\/\/sda.tn\/wp-content\/uploads\/2022\/01\/trappe2-1024x546.jpg 1024w, https:\/\/sda.tn\/wp-content\/uploads\/2022\/01\/trappe2-768x410.jpg 768w\" sizes=\"(max-width: 1200px) 100vw, 1200px\" \/><\/div>\n<div class=\"edgtf-pli-text-holder\">\n\t<div class=\"edgtf-pli-text-wrapper\">\n\t\t<div class=\"edgtf-pli-text\">\n\t\t\t\n\t\t\t\n\t\t\t\n\t\t\t\t\t\t<div class=\"edgtf-pli-text-read-more-button\">\n\t\t\t\t<a itemprop=\"url\" href=\"https:\/\/sda.tn\/index.php\/portfolio-item\/trappe-de-visite-2\/\" target=\"_self\" class=\"edgtf-btn edgtf-btn-medium edgtf-btn-simple edgtf-pli-button\">\n\t\t\t\t\t<svg version=\"1.1\" id=\"btn-arrow-163654892\" xmlns=\"http:\/\/www.w3.org\/2000\/svg\" xmlns:xlink=\"http:\/\/www.w3.org\/1999\/xlink\" x=\"0px\" y=\"0px\"\n\t\t\t\t\t\t width=\"18px\" height=\"4px\" viewBox=\"0 0 18 4\" enable-background=\"new 0 0 18 4\" xml:space=\"preserve\">\n                <polyline fill=\"none\" stroke=\"#323232\" stroke-miterlimit=\"10\" points=\"0,3.508 16.809,3.508 13.686,0.342 \"\/>\n                <\/svg>\n\t\t\t\t<\/a>\n\t\t\t<\/div>\n\t\t<\/div>\n\t<\/div>\n<\/div>\n            <\/div>\n<\/article><article class=\"edgtf-pl-item edgtf-item-space  post-4485 portfolio-item type-portfolio-item status-publish has-post-thumbnail hentry portfolio-category-trappe-de-visite\">\n    <div class=\"edgtf-pl-item-inner\">\n        <div class=\"edgtf-pli-image\">\n\t<img width=\"1200\" height=\"640\" src=\"https:\/\/sda.tn\/wp-content\/uploads\/2022\/01\/trappe3.jpg\" class=\"attachment-full size-full wp-post-image\" alt=\"\" loading=\"lazy\" srcset=\"https:\/\/sda.tn\/wp-content\/uploads\/2022\/01\/trappe3.jpg 1200w, https:\/\/sda.tn\/wp-content\/uploads\/2022\/01\/trappe3-300x160.jpg 300w, https:\/\/sda.tn\/wp-content\/uploads\/2022\/01\/trappe3-1024x546.jpg 1024w, https:\/\/sda.tn\/wp-content\/uploads\/2022\/01\/trappe3-768x410.jpg 768w\" sizes=\"(max-width: 1200px) 100vw, 1200px\" \/><\/div>\n<div class=\"edgtf-pli-text-holder\">\n\t<div class=\"edgtf-pli-text-wrapper\">\n\t\t<div class=\"edgtf-pli-text\">\n\t\t\t\n\t\t\t\n\t\t\t\n\t\t\t\t\t\t<div class=\"edgtf-pli-text-read-more-button\">\n\t\t\t\t<a itemprop=\"url\" href=\"https:\/\/sda.tn\/index.php\/portfolio-item\/trappe-de-visite-3\/\" target=\"_self\" class=\"edgtf-btn edgtf-btn-medium edgtf-btn-simple edgtf-pli-button\">\n\t\t\t\t\t<svg version=\"1.1\" id=\"btn-arrow-146978763\" xmlns=\"http:\/\/www.w3.org\/2000\/svg\" xmlns:xlink=\"http:\/\/www.w3.org\/1999\/xlink\" x=\"0px\" y=\"0px\"\n\t\t\t\t\t\t width=\"18px\" height=\"4px\" viewBox=\"0 0 18 4\" enable-background=\"new 0 0 18 4\" xml:space=\"preserve\">\n                <polyline fill=\"none\" stroke=\"#323232\" stroke-miterlimit=\"10\" points=\"0,3.508 16.809,3.508 13.686,0.342 \"\/>\n                <\/svg>\n\t\t\t\t<\/a>\n\t\t\t<\/div>\n\t\t<\/div>\n\t<\/div>\n<\/div>\n            <\/div>\n<\/article>\t<\/div>\n\t\n\t<\/div><\/div>\t\t<\/div>\n\t<\/div>\n<\/div><\/div>[\/vc_column][\/vc_row][vc_row row_content_width=\u00a0\u00bbgrid\u00a0\u00bb css=\u00a0\u00bb.vc_custom_1511423782909{padding-top: 88px !important;padding-bottom: 86px !important;}\u00a0\u00bb][vc_column offset=\u00a0\u00bbvc_col-lg-4 vc_col-md-12 vc_col-xs-12&Prime;]<div class=\"edgtf-elements-holder   edgtf-one-column  edgtf-responsive-mode-768 \" ><div class=\"edgtf-eh-item    \"  data-item-class=\"edgtf-eh-custom-1154\" data-1024-1280=\"0 0 0 37px\" data-768-1024=\"0 0 30px 0\" data-680-768=\"0 0 30px 0\" data-680=\"0 0% 30px 0%\">\n\t<div class=\"edgtf-eh-item-inner\">\n\t\t<div class=\"edgtf-eh-item-content edgtf-eh-custom-1154\" style=\"padding: 0 0% 0 10%\">\n\t\t\t<div class=\"edgtf-section-title-holder  edgtf-st-vertical-lines edgtf-st-disable-title-break edgtf-st-position-left edgtf-appear-fx\" >\n\t        <span class=\"edgtf-st-vertical-top\" ><\/span>\n\t\t<div class=\"edgtf-st-inner\">\n                    <div class=\"edgtf-st-title-holder\">\n                <h2 class=\"edgtf-st-title\" style=\"color: #202020\">\n                    Trappe de<br \/> visite                <\/h2>\n            <\/div>\n\t\t\t\t\t<\/div>\n            <span class=\"edgtf-st-vertical-bottom\" ><\/span>\n    <\/div>\t\t<\/div>\n\t<\/div>\n<\/div><\/div>[\/vc_column][vc_column offset=\u00a0\u00bbvc_col-lg-8 vc_col-md-12 vc_col-xs-12&Prime;]<div class=\"edgtf-elements-holder   edgtf-one-column  edgtf-responsive-mode-768 \" ><div class=\"edgtf-eh-item    \"  data-item-class=\"edgtf-eh-custom-2428\" data-768-1024=\"0 14% 0 0\" data-680-768=\"0 14% 0 0\" data-680=\"0 11% 0 0%\">\n\t<div class=\"edgtf-eh-item-inner\">\n\t\t<div class=\"edgtf-eh-item-content edgtf-eh-custom-2428\" style=\"padding: 0 11% 0 13%\">\n\t\t\t[vc_empty_space][vc_column_text]Les trappes de visite en t\u00f4le ou en pl\u00e2tre, carr\u00e9es ou rondes, perfor\u00e9es ou non, s&rsquo;adaptent \u00e0 tous les syst\u00e8mes courants de faux-plafonds en plaque de pl\u00e2tre, de cloisons de s\u00e9paration ou de gaines techniques. Certaines trappes de visite r\u00e9pondent \u00e0 des besoins sp\u00e9cifiques tels que l&rsquo;\u00e9tanch\u00e9it\u00e9 \u00e0 l&rsquo;air, la r\u00e9sistance au feu ou encore l&rsquo;utilisation en milieux humides.<br \/>\nIndispensables pour tout ouvrage en plaque de pl\u00e2tre non d\u00e9montable, les trappes de visite pour plafond permettent un acc\u00e8s facile aux diverses installations techniques, conduites sanitaires ou encore c\u00e2bles \u00e9lectriques. Celles-ci peuvent \u00e9galement permettre l\u2019acc\u00e8s au grenier ou aux combles et autres espaces de stockage.<br \/>\n[\/vc_column_text]\t\t<\/div>\n\t<\/div>\n<\/div><\/div>[\/vc_column][\/vc_row]<\/p>\n","protected":false},"excerpt":{"rendered":"<p>[vc_row row_content_width=\u00a0\u00bbgrid\u00a0\u00bb css=\u00a0\u00bb.vc_custom_1513333482804{margin-top: -566px !important;}\u00a0\u00bb][vc_column][\/vc_column][\/vc_row][vc_row row_content_width=\u00a0\u00bbgrid\u00a0\u00bb css=\u00a0\u00bb.vc_custom_1511423782909{padding-top: 88px !important;padding-bottom: 86px !important;}\u00a0\u00bb][vc_column offset=\u00a0\u00bbvc_col-lg-4 vc_col-md-12 vc_col-xs-12&Prime;][\/vc_column][vc_column offset=\u00a0\u00bbvc_col-lg-8 vc_col-md-12 vc_col-xs-12&Prime;][\/vc_column][\/vc_row]<\/p>\n","protected":false},"author":1,"featured_media":0,"parent":0,"menu_order":0,"comment_status":"closed","ping_status":"closed","template":"full-width.php","meta":[],"_links":{"self":[{"href":"https:\/\/sda.tn\/index.php\/wp-json\/wp\/v2\/pages\/4035"}],"collection":[{"href":"https:\/\/sda.tn\/index.php\/wp-json\/wp\/v2\/pages"}],"about":[{"href":"https:\/\/sda.tn\/index.php\/wp-json\/wp\/v2\/types\/page"}],"author":[{"embeddable":true,"href":"https:\/\/sda.tn\/index.php\/wp-json\/wp\/v2\/users\/1"}],"replies":[{"embeddable":true,"href":"https:\/\/sda.tn\/index.php\/wp-json\/wp\/v2\/comments?post=4035"}],"version-history":[{"count":5,"href":"https:\/\/sda.tn\/index.php\/wp-json\/wp\/v2\/pages\/4035\/revisions"}],"predecessor-version":[{"id":4808,"href":"https:\/\/sda.tn\/index.php\/wp-json\/wp\/v2\/pages\/4035\/revisions\/4808"}],"wp:attachment":[{"href":"https:\/\/sda.tn\/index.php\/wp-json\/wp\/v2\/media?parent=4035"}],"curies":[{"name":"wp","href":"https:\/\/api.w.org\/{rel}","templated":true}]}}