{"id":4028,"date":"2022-01-10T15:12:51","date_gmt":"2022-01-10T15:12:51","guid":{"rendered":"http:\/\/www.sda.liratravel.tn\/index.php\/revetement-de-sol-copy\/"},"modified":"2022-02-03T12:07:02","modified_gmt":"2022-02-03T12:07:02","slug":"protection-solaire-rideaux","status":"publish","type":"page","link":"https:\/\/sda.tn\/index.php\/protection-solaire-rideaux\/","title":{"rendered":"Protection solaire : (Rideaux)"},"content":{"rendered":"<p>[vc_row row_content_width=\u00a0\u00bbgrid\u00a0\u00bb css=\u00a0\u00bb.vc_custom_1513333482804{margin-top: -566px !important;}\u00a0\u00bb][vc_column]<div class=\"edgtf-elements-holder   edgtf-one-column  edgtf-responsive-mode-768 \" ><div class=\"edgtf-eh-item    \"  data-item-class=\"edgtf-eh-custom-4179\" data-1280-1600=\"110px 0px 0px 0px\" data-1024-1280=\"110px 0px 0px 0px\" data-768-1024=\"150px 0px 0px 0px\" data-680-768=\"300px 0px 0px 0px\" data-680=\"380px 0px 0px 0px\">\n\t<div class=\"edgtf-eh-item-inner\">\n\t\t<div class=\"edgtf-eh-item-content edgtf-eh-custom-4179\" style=\"padding: 25px 0px 0px 0px\">\n\t\t\t<div class=\"edgtf-portfolio-slider-holder\"><div class=\"edgtf-portfolio-list-holder edgtf-pl-gallery edgtf-large-space edgtf-pl-three-columns edgtf-pl-standard-shader edgtf-pl-skin-dark   edgtf-pl-no-content edgtf-pl-pag-no-pagination     edgtf-pag-below-slider edgtf-three-images-scrollable\"  data-type=gallery data-item-type=gallery data-space-between-items=large data-number-of-items=9 data-image-proportions=full data-enable-fixed-proportions=no data-enable-image-shadow=no data-category=rideau data-orderby=date data-order=ASC data-item-style=standard-shader data-item-skin=dark data-enable-title=no data-title-tag=h4 data-enable-category=no data-enable-count-images=no data-enable-excerpt=no data-excerpt-length=20 data-additional-data=year data-three-images=yes data-pagination-type=no-pagination data-filter=no data-filter-order-by=name data-enable-article-animation=no data-portfolio-slider-on=yes data-enable-loop=no data-enable-autoplay=yes data-slider-speed=5000 data-slider-speed-animation=600 data-enable-navigation=yes data-out-navigation=yes data-enable-pagination=no data-pagination-position=below-slider data-max-num-pages=1 data-next-page=2>\n\t\t<div class=\"edgtf-pl-inner edgtf-outer-space edgtf-owl-slider edgtf-pl-is-slider edgtf-pl-slider-nav-out clearfix\">\n\t\t<article class=\"edgtf-pl-item edgtf-item-space  post-4467 portfolio-item type-portfolio-item status-publish has-post-thumbnail hentry portfolio-category-rideau\">\n    <div class=\"edgtf-pl-item-inner\">\n        <div class=\"edgtf-pli-image\">\n\t<img width=\"1200\" height=\"640\" src=\"https:\/\/sda.tn\/wp-content\/uploads\/2022\/01\/rideau_0003_store-japonais.jpg\" class=\"attachment-full size-full wp-post-image\" alt=\"\" loading=\"lazy\" srcset=\"https:\/\/sda.tn\/wp-content\/uploads\/2022\/01\/rideau_0003_store-japonais.jpg 1200w, https:\/\/sda.tn\/wp-content\/uploads\/2022\/01\/rideau_0003_store-japonais-300x160.jpg 300w, https:\/\/sda.tn\/wp-content\/uploads\/2022\/01\/rideau_0003_store-japonais-1024x546.jpg 1024w, https:\/\/sda.tn\/wp-content\/uploads\/2022\/01\/rideau_0003_store-japonais-768x410.jpg 768w\" sizes=\"(max-width: 1200px) 100vw, 1200px\" \/><\/div>\n<div class=\"edgtf-pli-text-holder\">\n\t<div class=\"edgtf-pli-text-wrapper\">\n\t\t<div class=\"edgtf-pli-text\">\n\t\t\t\n\t\t\t\n\t\t\t\n\t\t\t\t\t\t<div class=\"edgtf-pli-text-read-more-button\">\n\t\t\t\t<a itemprop=\"url\" href=\"https:\/\/sda.tn\/index.php\/portfolio-item\/rideau-1\/\" target=\"_self\" class=\"edgtf-btn edgtf-btn-medium edgtf-btn-simple edgtf-pli-button\">\n\t\t\t\t\t<svg version=\"1.1\" id=\"btn-arrow-291313762\" xmlns=\"http:\/\/www.w3.org\/2000\/svg\" xmlns:xlink=\"http:\/\/www.w3.org\/1999\/xlink\" x=\"0px\" y=\"0px\"\n\t\t\t\t\t\t width=\"18px\" height=\"4px\" viewBox=\"0 0 18 4\" enable-background=\"new 0 0 18 4\" xml:space=\"preserve\">\n                <polyline fill=\"none\" stroke=\"#323232\" stroke-miterlimit=\"10\" points=\"0,3.508 16.809,3.508 13.686,0.342 \"\/>\n                <\/svg>\n\t\t\t\t<\/a>\n\t\t\t<\/div>\n\t\t<\/div>\n\t<\/div>\n<\/div>\n            <\/div>\n<\/article><article class=\"edgtf-pl-item edgtf-item-space  post-4475 portfolio-item type-portfolio-item status-publish has-post-thumbnail hentry portfolio-category-rideau\">\n    <div class=\"edgtf-pl-item-inner\">\n        <div class=\"edgtf-pli-image\">\n\t<img width=\"1200\" height=\"640\" src=\"https:\/\/sda.tn\/wp-content\/uploads\/2022\/01\/rideau_0004_bande-verticale.jpg\" class=\"attachment-full size-full wp-post-image\" alt=\"\" loading=\"lazy\" srcset=\"https:\/\/sda.tn\/wp-content\/uploads\/2022\/01\/rideau_0004_bande-verticale.jpg 1200w, https:\/\/sda.tn\/wp-content\/uploads\/2022\/01\/rideau_0004_bande-verticale-300x160.jpg 300w, https:\/\/sda.tn\/wp-content\/uploads\/2022\/01\/rideau_0004_bande-verticale-1024x546.jpg 1024w, https:\/\/sda.tn\/wp-content\/uploads\/2022\/01\/rideau_0004_bande-verticale-768x410.jpg 768w\" sizes=\"(max-width: 1200px) 100vw, 1200px\" \/><\/div>\n<div class=\"edgtf-pli-text-holder\">\n\t<div class=\"edgtf-pli-text-wrapper\">\n\t\t<div class=\"edgtf-pli-text\">\n\t\t\t\n\t\t\t\n\t\t\t\n\t\t\t\t\t\t<div class=\"edgtf-pli-text-read-more-button\">\n\t\t\t\t<a itemprop=\"url\" href=\"https:\/\/sda.tn\/index.php\/portfolio-item\/rideau-2\/\" target=\"_self\" class=\"edgtf-btn edgtf-btn-medium edgtf-btn-simple edgtf-pli-button\">\n\t\t\t\t\t<svg version=\"1.1\" id=\"btn-arrow-1050689234\" xmlns=\"http:\/\/www.w3.org\/2000\/svg\" xmlns:xlink=\"http:\/\/www.w3.org\/1999\/xlink\" x=\"0px\" y=\"0px\"\n\t\t\t\t\t\t width=\"18px\" height=\"4px\" viewBox=\"0 0 18 4\" enable-background=\"new 0 0 18 4\" xml:space=\"preserve\">\n                <polyline fill=\"none\" stroke=\"#323232\" stroke-miterlimit=\"10\" points=\"0,3.508 16.809,3.508 13.686,0.342 \"\/>\n                <\/svg>\n\t\t\t\t<\/a>\n\t\t\t<\/div>\n\t\t<\/div>\n\t<\/div>\n<\/div>\n            <\/div>\n<\/article><article class=\"edgtf-pl-item edgtf-item-space  post-4476 portfolio-item type-portfolio-item status-publish has-post-thumbnail hentry portfolio-category-rideau\">\n    <div class=\"edgtf-pl-item-inner\">\n        <div class=\"edgtf-pli-image\">\n\t<img width=\"1200\" height=\"640\" src=\"https:\/\/sda.tn\/wp-content\/uploads\/2022\/01\/rideau_0002_store-enrouleur-screen-smart-heytens-noir.jpg\" class=\"attachment-full size-full wp-post-image\" alt=\"\" loading=\"lazy\" srcset=\"https:\/\/sda.tn\/wp-content\/uploads\/2022\/01\/rideau_0002_store-enrouleur-screen-smart-heytens-noir.jpg 1200w, https:\/\/sda.tn\/wp-content\/uploads\/2022\/01\/rideau_0002_store-enrouleur-screen-smart-heytens-noir-300x160.jpg 300w, https:\/\/sda.tn\/wp-content\/uploads\/2022\/01\/rideau_0002_store-enrouleur-screen-smart-heytens-noir-1024x546.jpg 1024w, https:\/\/sda.tn\/wp-content\/uploads\/2022\/01\/rideau_0002_store-enrouleur-screen-smart-heytens-noir-768x410.jpg 768w\" sizes=\"(max-width: 1200px) 100vw, 1200px\" \/><\/div>\n<div class=\"edgtf-pli-text-holder\">\n\t<div class=\"edgtf-pli-text-wrapper\">\n\t\t<div class=\"edgtf-pli-text\">\n\t\t\t\n\t\t\t\n\t\t\t\n\t\t\t\t\t\t<div class=\"edgtf-pli-text-read-more-button\">\n\t\t\t\t<a itemprop=\"url\" href=\"https:\/\/sda.tn\/index.php\/portfolio-item\/rideau-3\/\" target=\"_self\" class=\"edgtf-btn edgtf-btn-medium edgtf-btn-simple edgtf-pli-button\">\n\t\t\t\t\t<svg version=\"1.1\" id=\"btn-arrow-283261301\" xmlns=\"http:\/\/www.w3.org\/2000\/svg\" xmlns:xlink=\"http:\/\/www.w3.org\/1999\/xlink\" x=\"0px\" y=\"0px\"\n\t\t\t\t\t\t width=\"18px\" height=\"4px\" viewBox=\"0 0 18 4\" enable-background=\"new 0 0 18 4\" xml:space=\"preserve\">\n                <polyline fill=\"none\" stroke=\"#323232\" stroke-miterlimit=\"10\" points=\"0,3.508 16.809,3.508 13.686,0.342 \"\/>\n                <\/svg>\n\t\t\t\t<\/a>\n\t\t\t<\/div>\n\t\t<\/div>\n\t<\/div>\n<\/div>\n            <\/div>\n<\/article><article class=\"edgtf-pl-item edgtf-item-space  post-4477 portfolio-item type-portfolio-item status-publish has-post-thumbnail hentry portfolio-category-rideau\">\n    <div class=\"edgtf-pl-item-inner\">\n        <div class=\"edgtf-pli-image\">\n\t<img width=\"1200\" height=\"640\" src=\"https:\/\/sda.tn\/wp-content\/uploads\/2022\/01\/rideau_0001_store-venitien.jpg\" class=\"attachment-full size-full wp-post-image\" alt=\"\" loading=\"lazy\" srcset=\"https:\/\/sda.tn\/wp-content\/uploads\/2022\/01\/rideau_0001_store-venitien.jpg 1200w, https:\/\/sda.tn\/wp-content\/uploads\/2022\/01\/rideau_0001_store-venitien-300x160.jpg 300w, https:\/\/sda.tn\/wp-content\/uploads\/2022\/01\/rideau_0001_store-venitien-1024x546.jpg 1024w, https:\/\/sda.tn\/wp-content\/uploads\/2022\/01\/rideau_0001_store-venitien-768x410.jpg 768w\" sizes=\"(max-width: 1200px) 100vw, 1200px\" \/><\/div>\n<div class=\"edgtf-pli-text-holder\">\n\t<div class=\"edgtf-pli-text-wrapper\">\n\t\t<div class=\"edgtf-pli-text\">\n\t\t\t\n\t\t\t\n\t\t\t\n\t\t\t\t\t\t<div class=\"edgtf-pli-text-read-more-button\">\n\t\t\t\t<a itemprop=\"url\" href=\"https:\/\/sda.tn\/index.php\/portfolio-item\/rideau-4\/\" target=\"_self\" class=\"edgtf-btn edgtf-btn-medium edgtf-btn-simple edgtf-pli-button\">\n\t\t\t\t\t<svg version=\"1.1\" id=\"btn-arrow-517928517\" xmlns=\"http:\/\/www.w3.org\/2000\/svg\" xmlns:xlink=\"http:\/\/www.w3.org\/1999\/xlink\" x=\"0px\" y=\"0px\"\n\t\t\t\t\t\t width=\"18px\" height=\"4px\" viewBox=\"0 0 18 4\" enable-background=\"new 0 0 18 4\" xml:space=\"preserve\">\n                <polyline fill=\"none\" stroke=\"#323232\" stroke-miterlimit=\"10\" points=\"0,3.508 16.809,3.508 13.686,0.342 \"\/>\n                <\/svg>\n\t\t\t\t<\/a>\n\t\t\t<\/div>\n\t\t<\/div>\n\t<\/div>\n<\/div>\n            <\/div>\n<\/article><article class=\"edgtf-pl-item edgtf-item-space  post-4478 portfolio-item type-portfolio-item status-publish has-post-thumbnail hentry portfolio-category-rideau\">\n    <div class=\"edgtf-pl-item-inner\">\n        <div class=\"edgtf-pli-image\">\n\t<img width=\"1200\" height=\"640\" src=\"https:\/\/sda.tn\/wp-content\/uploads\/2022\/01\/rideau_0000_ZEBRA2.jpg\" class=\"attachment-full size-full wp-post-image\" alt=\"\" loading=\"lazy\" srcset=\"https:\/\/sda.tn\/wp-content\/uploads\/2022\/01\/rideau_0000_ZEBRA2.jpg 1200w, https:\/\/sda.tn\/wp-content\/uploads\/2022\/01\/rideau_0000_ZEBRA2-300x160.jpg 300w, https:\/\/sda.tn\/wp-content\/uploads\/2022\/01\/rideau_0000_ZEBRA2-1024x546.jpg 1024w, https:\/\/sda.tn\/wp-content\/uploads\/2022\/01\/rideau_0000_ZEBRA2-768x410.jpg 768w\" sizes=\"(max-width: 1200px) 100vw, 1200px\" \/><\/div>\n<div class=\"edgtf-pli-text-holder\">\n\t<div class=\"edgtf-pli-text-wrapper\">\n\t\t<div class=\"edgtf-pli-text\">\n\t\t\t\n\t\t\t\n\t\t\t\n\t\t\t\t\t\t<div class=\"edgtf-pli-text-read-more-button\">\n\t\t\t\t<a itemprop=\"url\" href=\"https:\/\/sda.tn\/index.php\/portfolio-item\/rideau-5\/\" target=\"_self\" class=\"edgtf-btn edgtf-btn-medium edgtf-btn-simple edgtf-pli-button\">\n\t\t\t\t\t<svg version=\"1.1\" id=\"btn-arrow-257634758\" xmlns=\"http:\/\/www.w3.org\/2000\/svg\" xmlns:xlink=\"http:\/\/www.w3.org\/1999\/xlink\" x=\"0px\" y=\"0px\"\n\t\t\t\t\t\t width=\"18px\" height=\"4px\" viewBox=\"0 0 18 4\" enable-background=\"new 0 0 18 4\" xml:space=\"preserve\">\n                <polyline fill=\"none\" stroke=\"#323232\" stroke-miterlimit=\"10\" points=\"0,3.508 16.809,3.508 13.686,0.342 \"\/>\n                <\/svg>\n\t\t\t\t<\/a>\n\t\t\t<\/div>\n\t\t<\/div>\n\t<\/div>\n<\/div>\n            <\/div>\n<\/article>\t<\/div>\n\t\n\t<\/div><\/div>\t\t<\/div>\n\t<\/div>\n<\/div><\/div>[\/vc_column][\/vc_row][vc_row row_content_width=\u00a0\u00bbgrid\u00a0\u00bb css=\u00a0\u00bb.vc_custom_1642513564222{padding-top: 88px !important;padding-bottom: 86px !important;}\u00a0\u00bb][vc_column offset=\u00a0\u00bbvc_col-lg-4 vc_col-md-12 vc_col-xs-12&Prime;]<div class=\"edgtf-elements-holder   edgtf-one-column  edgtf-responsive-mode-768 \" ><div class=\"edgtf-eh-item    \"  data-item-class=\"edgtf-eh-custom-8962\" data-1024-1280=\"0 0 0 37px\" data-768-1024=\"0 0 30px 0\" data-680-768=\"0 0 30px 0\" data-680=\"0 0% 30px 0%\">\n\t<div class=\"edgtf-eh-item-inner\">\n\t\t<div class=\"edgtf-eh-item-content edgtf-eh-custom-8962\" style=\"padding: 0 0% 0 10%\">\n\t\t\t<div class=\"edgtf-section-title-holder  edgtf-st-vertical-lines edgtf-st-disable-title-break edgtf-st-position-left edgtf-appear-fx\" >\n\t        <span class=\"edgtf-st-vertical-top\" ><\/span>\n\t\t<div class=\"edgtf-st-inner\">\n                    <div class=\"edgtf-st-title-holder\">\n                <h2 class=\"edgtf-st-title\" style=\"color: #202020\">\n                    Protection solaire<br \/> : (Rideaux)                <\/h2>\n            <\/div>\n\t\t\t\t\t<\/div>\n            <span class=\"edgtf-st-vertical-bottom\" ><\/span>\n    <\/div>\t\t<\/div>\n\t<\/div>\n<\/div><\/div>[\/vc_column][vc_column offset=\u00a0\u00bbvc_col-lg-8 vc_col-md-12 vc_col-xs-12&Prime;]<div class=\"edgtf-elements-holder   edgtf-one-column  edgtf-responsive-mode-768 \" ><div class=\"edgtf-eh-item    \"  data-item-class=\"edgtf-eh-custom-6880\" data-768-1024=\"0 14% 0 0\" data-680-768=\"0 14% 0 0\" data-680=\"0 11% 0 0%\">\n\t<div class=\"edgtf-eh-item-inner\">\n\t\t<div class=\"edgtf-eh-item-content edgtf-eh-custom-6880\" style=\"padding: 0 11% 0 13%\">\n\t\t\t[vc_empty_space height=\u00a0\u00bb80px\u00a0\u00bb][vc_column_text]On les choisit pour leur style mais leur r\u00f4le n&rsquo;est pas seulement d\u00e9coratif. Rideaux et stores nous permettent de moduler l&rsquo;ensoleillement pour maitriser la luminosit\u00e9 et la chaleur dans la maison. A la cl\u00e9, un meilleur confort d&rsquo;\u00e9t\u00e9.[\/vc_column_text]\t\t<\/div>\n\t<\/div>\n<\/div><\/div>[\/vc_column][\/vc_row][vc_row disable_background_image=\u00a0\u00bb\u00a0\u00bb content_text_aligment=\u00a0\u00bbleft\u00a0\u00bb simple_background_image=\u00a0\u00bb4086&Prime;][vc_column]<div class=\"edgtf-accordion-holder edgtf-ac-default  edgtf-accordion edgtf-in-grid edgtf-light-skin clearfix\">\n\t<h4 class=\"edgtf-accordion-title\">\n\t<span class=\"edgtf-accordion-width\">\n\t\t<span class=\"edgtf-tab-title\">Store venitien ( bois ou PVC)<\/span>\n\t\t<span class=\"edgtf-accordion-mark\">\n\t\t\t<span class=\"edgtf_icon_plus lnr lnr-cross\"><\/span>\n\t\t<\/span>\n\t<\/span>\n<\/h4>\n<div class=\"edgtf-accordion-content\">\n\t<div class=\"edgtf-accordion-content-inner\">\n\t\t<div class=\"edgtf-accordion-width\">\n\t\t\t[vc_row_inner][vc_column_inner][vc_single_image image=\u00a0\u00bb4471&Prime; img_size=\u00a0\u00bbfull\u00a0\u00bb alignment=\u00a0\u00bbcenter\u00a0\u00bb][\/vc_column_inner][\/vc_row_inner]\t\t<\/div>\n\t<\/div>\n<\/div><h4 class=\"edgtf-accordion-title\">\n\t<span class=\"edgtf-accordion-width\">\n\t\t<span class=\"edgtf-tab-title\">Store rouleau ( polyester \/ blackout)<\/span>\n\t\t<span class=\"edgtf-accordion-mark\">\n\t\t\t<span class=\"edgtf_icon_plus lnr lnr-cross\"><\/span>\n\t\t<\/span>\n\t<\/span>\n<\/h4>\n<div class=\"edgtf-accordion-content\">\n\t<div class=\"edgtf-accordion-content-inner\">\n\t\t<div class=\"edgtf-accordion-width\">\n\t\t\t[vc_row_inner][vc_column_inner][vc_single_image image=\u00a0\u00bb4472&Prime; img_size=\u00a0\u00bbfull\u00a0\u00bb alignment=\u00a0\u00bbcenter\u00a0\u00bb][\/vc_column_inner][\/vc_row_inner]\t\t<\/div>\n\t<\/div>\n<\/div><h4 class=\"edgtf-accordion-title\">\n\t<span class=\"edgtf-accordion-width\">\n\t\t<span class=\"edgtf-tab-title\">Store Zebra<\/span>\n\t\t<span class=\"edgtf-accordion-mark\">\n\t\t\t<span class=\"edgtf_icon_plus lnr lnr-cross\"><\/span>\n\t\t<\/span>\n\t<\/span>\n<\/h4>\n<div class=\"edgtf-accordion-content\">\n\t<div class=\"edgtf-accordion-content-inner\">\n\t\t<div class=\"edgtf-accordion-width\">\n\t\t\t[vc_row_inner][vc_column_inner][vc_single_image image=\u00a0\u00bb4470&Prime; img_size=\u00a0\u00bbfull\u00a0\u00bb alignment=\u00a0\u00bbcenter\u00a0\u00bb][\/vc_column_inner][\/vc_row_inner]\t\t<\/div>\n\t<\/div>\n<\/div><h4 class=\"edgtf-accordion-title\">\n\t<span class=\"edgtf-accordion-width\">\n\t\t<span class=\"edgtf-tab-title\">Panel Japonais<\/span>\n\t\t<span class=\"edgtf-accordion-mark\">\n\t\t\t<span class=\"edgtf_icon_plus lnr lnr-cross\"><\/span>\n\t\t<\/span>\n\t<\/span>\n<\/h4>\n<div class=\"edgtf-accordion-content\">\n\t<div class=\"edgtf-accordion-content-inner\">\n\t\t<div class=\"edgtf-accordion-width\">\n\t\t\t[vc_row_inner][vc_column_inner][vc_single_image image=\u00a0\u00bb4473&Prime; img_size=\u00a0\u00bbfull\u00a0\u00bb alignment=\u00a0\u00bbcenter\u00a0\u00bb][\/vc_column_inner][\/vc_row_inner]\t\t<\/div>\n\t<\/div>\n<\/div><\/div>[\/vc_column][\/vc_row]<\/p>\n","protected":false},"excerpt":{"rendered":"<p>[vc_row row_content_width=\u00a0\u00bbgrid\u00a0\u00bb css=\u00a0\u00bb.vc_custom_1513333482804{margin-top: -566px !important;}\u00a0\u00bb][vc_column][\/vc_column][\/vc_row][vc_row row_content_width=\u00a0\u00bbgrid\u00a0\u00bb css=\u00a0\u00bb.vc_custom_1642513564222{padding-top: 88px !important;padding-bottom: 86px !important;}\u00a0\u00bb][vc_column offset=\u00a0\u00bbvc_col-lg-4 vc_col-md-12 vc_col-xs-12&Prime;][\/vc_column][vc_column offset=\u00a0\u00bbvc_col-lg-8 vc_col-md-12 vc_col-xs-12&Prime;][\/vc_column][\/vc_row][vc_row disable_background_image=\u00a0\u00bb\u00a0\u00bb content_text_aligment=\u00a0\u00bbleft\u00a0\u00bb simple_background_image=\u00a0\u00bb4086&Prime;][vc_column][\/vc_column][\/vc_row]<\/p>\n","protected":false},"author":1,"featured_media":0,"parent":0,"menu_order":0,"comment_status":"closed","ping_status":"closed","template":"full-width.php","meta":[],"_links":{"self":[{"href":"https:\/\/sda.tn\/index.php\/wp-json\/wp\/v2\/pages\/4028"}],"collection":[{"href":"https:\/\/sda.tn\/index.php\/wp-json\/wp\/v2\/pages"}],"about":[{"href":"https:\/\/sda.tn\/index.php\/wp-json\/wp\/v2\/types\/page"}],"author":[{"embeddable":true,"href":"https:\/\/sda.tn\/index.php\/wp-json\/wp\/v2\/users\/1"}],"replies":[{"embeddable":true,"href":"https:\/\/sda.tn\/index.php\/wp-json\/wp\/v2\/comments?post=4028"}],"version-history":[{"count":11,"href":"https:\/\/sda.tn\/index.php\/wp-json\/wp\/v2\/pages\/4028\/revisions"}],"predecessor-version":[{"id":4878,"href":"https:\/\/sda.tn\/index.php\/wp-json\/wp\/v2\/pages\/4028\/revisions\/4878"}],"wp:attachment":[{"href":"https:\/\/sda.tn\/index.php\/wp-json\/wp\/v2\/media?parent=4028"}],"curies":[{"name":"wp","href":"https:\/\/api.w.org\/{rel}","templated":true}]}}