{"id":4015,"date":"2022-01-10T13:02:00","date_gmt":"2022-01-10T13:02:00","guid":{"rendered":"http:\/\/www.sda.liratravel.tn\/index.php\/faux-plafond-product-copy\/"},"modified":"2022-02-04T14:08:01","modified_gmt":"2022-02-04T14:08:01","slug":"cloisons","status":"publish","type":"page","link":"https:\/\/sda.tn\/index.php\/cloisons\/","title":{"rendered":"Cloisons"},"content":{"rendered":"<p>[vc_row row_content_width=\u00a0\u00bbgrid\u00a0\u00bb css=\u00a0\u00bb.vc_custom_1513333482804{margin-top: -566px !important;}\u00a0\u00bb][vc_column]<div class=\"edgtf-elements-holder   edgtf-one-column  edgtf-responsive-mode-768 \" ><div class=\"edgtf-eh-item    \"  data-item-class=\"edgtf-eh-custom-5214\" data-1280-1600=\"110px 0px 0px 0px\" data-1024-1280=\"110px 0px 0px 0px\" data-768-1024=\"150px 0px 0px 0px\" data-680-768=\"300px 0px 0px 0px\" data-680=\"380px 0px 0px 0px\">\n\t<div class=\"edgtf-eh-item-inner\">\n\t\t<div class=\"edgtf-eh-item-content edgtf-eh-custom-5214\" style=\"padding: 25px 0px 0px 0px\">\n\t\t\t<div class=\"edgtf-portfolio-slider-holder\"><div class=\"edgtf-portfolio-list-holder edgtf-pl-gallery edgtf-large-space edgtf-pl-three-columns edgtf-pl-standard-shader edgtf-pl-skin-dark   edgtf-pl-no-content edgtf-pl-pag-no-pagination     edgtf-pag-below-slider edgtf-three-images-scrollable\"  data-type=gallery data-item-type=gallery data-space-between-items=large data-number-of-items=70 data-image-proportions=full data-enable-fixed-proportions=no data-enable-image-shadow=no data-category=cloisons data-orderby=rand data-order=ASC data-item-style=standard-shader data-item-skin=dark data-enable-title=no data-title-tag=h4 data-enable-category=no data-enable-count-images=no data-enable-excerpt=no data-excerpt-length=20 data-additional-data=year data-three-images=yes data-pagination-type=no-pagination data-filter=no data-filter-order-by=name data-enable-article-animation=no data-portfolio-slider-on=yes data-enable-loop=no data-enable-autoplay=yes data-slider-speed=5000 data-slider-speed-animation=600 data-enable-navigation=yes data-out-navigation=yes data-enable-pagination=no data-pagination-position=below-slider data-max-num-pages=1 data-next-page=2>\n\t\t<div class=\"edgtf-pl-inner edgtf-outer-space edgtf-owl-slider edgtf-pl-is-slider edgtf-pl-slider-nav-out clearfix\">\n\t\t<article class=\"edgtf-pl-item edgtf-item-space  post-4371 portfolio-item type-portfolio-item status-publish has-post-thumbnail hentry portfolio-category-cloisons\">\n    <div class=\"edgtf-pl-item-inner\">\n        <div class=\"edgtf-pli-image\">\n\t<img width=\"1200\" height=\"640\" src=\"https:\/\/sda.tn\/wp-content\/uploads\/2022\/01\/cloisons_0002_Cloison-seche.jpg\" class=\"attachment-full size-full wp-post-image\" alt=\"\" loading=\"lazy\" srcset=\"https:\/\/sda.tn\/wp-content\/uploads\/2022\/01\/cloisons_0002_Cloison-seche.jpg 1200w, https:\/\/sda.tn\/wp-content\/uploads\/2022\/01\/cloisons_0002_Cloison-seche-300x160.jpg 300w, https:\/\/sda.tn\/wp-content\/uploads\/2022\/01\/cloisons_0002_Cloison-seche-1024x546.jpg 1024w, https:\/\/sda.tn\/wp-content\/uploads\/2022\/01\/cloisons_0002_Cloison-seche-768x410.jpg 768w\" sizes=\"(max-width: 1200px) 100vw, 1200px\" \/><\/div>\n<div class=\"edgtf-pli-text-holder\">\n\t<div class=\"edgtf-pli-text-wrapper\">\n\t\t<div class=\"edgtf-pli-text\">\n\t\t\t\n\t\t\t\n\t\t\t\n\t\t\t\t\t\t<div class=\"edgtf-pli-text-read-more-button\">\n\t\t\t\t<a itemprop=\"url\" href=\"https:\/\/sda.tn\/index.php\/portfolio-item\/cloisons-3\/\" target=\"_self\" class=\"edgtf-btn edgtf-btn-medium edgtf-btn-simple edgtf-pli-button\">\n\t\t\t\t\t<svg version=\"1.1\" id=\"btn-arrow-147379741\" xmlns=\"http:\/\/www.w3.org\/2000\/svg\" xmlns:xlink=\"http:\/\/www.w3.org\/1999\/xlink\" x=\"0px\" y=\"0px\"\n\t\t\t\t\t\t width=\"18px\" height=\"4px\" viewBox=\"0 0 18 4\" enable-background=\"new 0 0 18 4\" xml:space=\"preserve\">\n                <polyline fill=\"none\" stroke=\"#323232\" stroke-miterlimit=\"10\" points=\"0,3.508 16.809,3.508 13.686,0.342 \"\/>\n                <\/svg>\n\t\t\t\t<\/a>\n\t\t\t<\/div>\n\t\t<\/div>\n\t<\/div>\n<\/div>\n            <\/div>\n<\/article><article class=\"edgtf-pl-item edgtf-item-space  post-4374 portfolio-item type-portfolio-item status-publish has-post-thumbnail hentry portfolio-category-cloisons\">\n    <div class=\"edgtf-pl-item-inner\">\n        <div class=\"edgtf-pli-image\">\n\t<img width=\"1200\" height=\"640\" src=\"https:\/\/sda.tn\/wp-content\/uploads\/2022\/01\/cloisons_0006_chantier-plaque-de-platre.jpg\" class=\"attachment-full size-full wp-post-image\" alt=\"\" loading=\"lazy\" srcset=\"https:\/\/sda.tn\/wp-content\/uploads\/2022\/01\/cloisons_0006_chantier-plaque-de-platre.jpg 1200w, https:\/\/sda.tn\/wp-content\/uploads\/2022\/01\/cloisons_0006_chantier-plaque-de-platre-300x160.jpg 300w, https:\/\/sda.tn\/wp-content\/uploads\/2022\/01\/cloisons_0006_chantier-plaque-de-platre-1024x546.jpg 1024w, https:\/\/sda.tn\/wp-content\/uploads\/2022\/01\/cloisons_0006_chantier-plaque-de-platre-768x410.jpg 768w\" sizes=\"(max-width: 1200px) 100vw, 1200px\" \/><\/div>\n<div class=\"edgtf-pli-text-holder\">\n\t<div class=\"edgtf-pli-text-wrapper\">\n\t\t<div class=\"edgtf-pli-text\">\n\t\t\t\n\t\t\t\n\t\t\t\n\t\t\t\t\t\t<div class=\"edgtf-pli-text-read-more-button\">\n\t\t\t\t<a itemprop=\"url\" href=\"https:\/\/sda.tn\/index.php\/portfolio-item\/cloisons-6\/\" target=\"_self\" class=\"edgtf-btn edgtf-btn-medium edgtf-btn-simple edgtf-pli-button\">\n\t\t\t\t\t<svg version=\"1.1\" id=\"btn-arrow-1561407216\" xmlns=\"http:\/\/www.w3.org\/2000\/svg\" xmlns:xlink=\"http:\/\/www.w3.org\/1999\/xlink\" x=\"0px\" y=\"0px\"\n\t\t\t\t\t\t width=\"18px\" height=\"4px\" viewBox=\"0 0 18 4\" enable-background=\"new 0 0 18 4\" xml:space=\"preserve\">\n                <polyline fill=\"none\" stroke=\"#323232\" stroke-miterlimit=\"10\" points=\"0,3.508 16.809,3.508 13.686,0.342 \"\/>\n                <\/svg>\n\t\t\t\t<\/a>\n\t\t\t<\/div>\n\t\t<\/div>\n\t<\/div>\n<\/div>\n            <\/div>\n<\/article><article class=\"edgtf-pl-item edgtf-item-space  post-4369 portfolio-item type-portfolio-item status-publish has-post-thumbnail hentry portfolio-category-cloisons\">\n    <div class=\"edgtf-pl-item-inner\">\n        <div class=\"edgtf-pli-image\">\n\t<img width=\"1200\" height=\"640\" src=\"https:\/\/sda.tn\/wp-content\/uploads\/2022\/01\/cloisons_0001_comment-poser-du-placo.jpg\" class=\"attachment-full size-full wp-post-image\" alt=\"\" loading=\"lazy\" srcset=\"https:\/\/sda.tn\/wp-content\/uploads\/2022\/01\/cloisons_0001_comment-poser-du-placo.jpg 1200w, https:\/\/sda.tn\/wp-content\/uploads\/2022\/01\/cloisons_0001_comment-poser-du-placo-300x160.jpg 300w, https:\/\/sda.tn\/wp-content\/uploads\/2022\/01\/cloisons_0001_comment-poser-du-placo-1024x546.jpg 1024w, https:\/\/sda.tn\/wp-content\/uploads\/2022\/01\/cloisons_0001_comment-poser-du-placo-768x410.jpg 768w\" sizes=\"(max-width: 1200px) 100vw, 1200px\" \/><\/div>\n<div class=\"edgtf-pli-text-holder\">\n\t<div class=\"edgtf-pli-text-wrapper\">\n\t\t<div class=\"edgtf-pli-text\">\n\t\t\t\n\t\t\t\n\t\t\t\n\t\t\t\t\t\t<div class=\"edgtf-pli-text-read-more-button\">\n\t\t\t\t<a itemprop=\"url\" href=\"https:\/\/sda.tn\/index.php\/portfolio-item\/cloisons-1\/\" target=\"_self\" class=\"edgtf-btn edgtf-btn-medium edgtf-btn-simple edgtf-pli-button\">\n\t\t\t\t\t<svg version=\"1.1\" id=\"btn-arrow-1595175926\" xmlns=\"http:\/\/www.w3.org\/2000\/svg\" xmlns:xlink=\"http:\/\/www.w3.org\/1999\/xlink\" x=\"0px\" y=\"0px\"\n\t\t\t\t\t\t width=\"18px\" height=\"4px\" viewBox=\"0 0 18 4\" enable-background=\"new 0 0 18 4\" xml:space=\"preserve\">\n                <polyline fill=\"none\" stroke=\"#323232\" stroke-miterlimit=\"10\" points=\"0,3.508 16.809,3.508 13.686,0.342 \"\/>\n                <\/svg>\n\t\t\t\t<\/a>\n\t\t\t<\/div>\n\t\t<\/div>\n\t<\/div>\n<\/div>\n            <\/div>\n<\/article><article class=\"edgtf-pl-item edgtf-item-space  post-4373 portfolio-item type-portfolio-item status-publish has-post-thumbnail hentry portfolio-category-cloisons\">\n    <div class=\"edgtf-pl-item-inner\">\n        <div class=\"edgtf-pli-image\">\n\t<img width=\"1200\" height=\"640\" src=\"https:\/\/sda.tn\/wp-content\/uploads\/2022\/01\/cloisons_0005_cloison-habillage.jpg\" class=\"attachment-full size-full wp-post-image\" alt=\"\" loading=\"lazy\" srcset=\"https:\/\/sda.tn\/wp-content\/uploads\/2022\/01\/cloisons_0005_cloison-habillage.jpg 1200w, https:\/\/sda.tn\/wp-content\/uploads\/2022\/01\/cloisons_0005_cloison-habillage-300x160.jpg 300w, https:\/\/sda.tn\/wp-content\/uploads\/2022\/01\/cloisons_0005_cloison-habillage-1024x546.jpg 1024w, https:\/\/sda.tn\/wp-content\/uploads\/2022\/01\/cloisons_0005_cloison-habillage-768x410.jpg 768w\" sizes=\"(max-width: 1200px) 100vw, 1200px\" \/><\/div>\n<div class=\"edgtf-pli-text-holder\">\n\t<div class=\"edgtf-pli-text-wrapper\">\n\t\t<div class=\"edgtf-pli-text\">\n\t\t\t\n\t\t\t\n\t\t\t\n\t\t\t\t\t\t<div class=\"edgtf-pli-text-read-more-button\">\n\t\t\t\t<a itemprop=\"url\" href=\"https:\/\/sda.tn\/index.php\/portfolio-item\/cloisons-5\/\" target=\"_self\" class=\"edgtf-btn edgtf-btn-medium edgtf-btn-simple edgtf-pli-button\">\n\t\t\t\t\t<svg version=\"1.1\" id=\"btn-arrow-231595844\" xmlns=\"http:\/\/www.w3.org\/2000\/svg\" xmlns:xlink=\"http:\/\/www.w3.org\/1999\/xlink\" x=\"0px\" y=\"0px\"\n\t\t\t\t\t\t width=\"18px\" height=\"4px\" viewBox=\"0 0 18 4\" enable-background=\"new 0 0 18 4\" xml:space=\"preserve\">\n                <polyline fill=\"none\" stroke=\"#323232\" stroke-miterlimit=\"10\" points=\"0,3.508 16.809,3.508 13.686,0.342 \"\/>\n                <\/svg>\n\t\t\t\t<\/a>\n\t\t\t<\/div>\n\t\t<\/div>\n\t<\/div>\n<\/div>\n            <\/div>\n<\/article><article class=\"edgtf-pl-item edgtf-item-space  post-4372 portfolio-item type-portfolio-item status-publish has-post-thumbnail hentry portfolio-category-cloisons\">\n    <div class=\"edgtf-pl-item-inner\">\n        <div class=\"edgtf-pli-image\">\n\t<img width=\"1200\" height=\"640\" src=\"https:\/\/sda.tn\/wp-content\/uploads\/2022\/01\/cloisons_0003_Cloison-platre.jpg\" class=\"attachment-full size-full wp-post-image\" alt=\"\" loading=\"lazy\" srcset=\"https:\/\/sda.tn\/wp-content\/uploads\/2022\/01\/cloisons_0003_Cloison-platre.jpg 1200w, https:\/\/sda.tn\/wp-content\/uploads\/2022\/01\/cloisons_0003_Cloison-platre-300x160.jpg 300w, https:\/\/sda.tn\/wp-content\/uploads\/2022\/01\/cloisons_0003_Cloison-platre-1024x546.jpg 1024w, https:\/\/sda.tn\/wp-content\/uploads\/2022\/01\/cloisons_0003_Cloison-platre-768x410.jpg 768w\" sizes=\"(max-width: 1200px) 100vw, 1200px\" \/><\/div>\n<div class=\"edgtf-pli-text-holder\">\n\t<div class=\"edgtf-pli-text-wrapper\">\n\t\t<div class=\"edgtf-pli-text\">\n\t\t\t\n\t\t\t\n\t\t\t\n\t\t\t\t\t\t<div class=\"edgtf-pli-text-read-more-button\">\n\t\t\t\t<a itemprop=\"url\" href=\"https:\/\/sda.tn\/index.php\/portfolio-item\/cloisons-4\/\" target=\"_self\" class=\"edgtf-btn edgtf-btn-medium edgtf-btn-simple edgtf-pli-button\">\n\t\t\t\t\t<svg version=\"1.1\" id=\"btn-arrow-1243240619\" xmlns=\"http:\/\/www.w3.org\/2000\/svg\" xmlns:xlink=\"http:\/\/www.w3.org\/1999\/xlink\" x=\"0px\" y=\"0px\"\n\t\t\t\t\t\t width=\"18px\" height=\"4px\" viewBox=\"0 0 18 4\" enable-background=\"new 0 0 18 4\" xml:space=\"preserve\">\n                <polyline fill=\"none\" stroke=\"#323232\" stroke-miterlimit=\"10\" points=\"0,3.508 16.809,3.508 13.686,0.342 \"\/>\n                <\/svg>\n\t\t\t\t<\/a>\n\t\t\t<\/div>\n\t\t<\/div>\n\t<\/div>\n<\/div>\n            <\/div>\n<\/article><article class=\"edgtf-pl-item edgtf-item-space  post-4370 portfolio-item type-portfolio-item status-publish has-post-thumbnail hentry portfolio-category-cloisons\">\n    <div class=\"edgtf-pl-item-inner\">\n        <div class=\"edgtf-pli-image\">\n\t<img width=\"1200\" height=\"640\" src=\"https:\/\/sda.tn\/wp-content\/uploads\/2022\/01\/cloisons_0000_istockphoto-538176518-612x612-1.jpg\" class=\"attachment-full size-full wp-post-image\" alt=\"\" loading=\"lazy\" srcset=\"https:\/\/sda.tn\/wp-content\/uploads\/2022\/01\/cloisons_0000_istockphoto-538176518-612x612-1.jpg 1200w, https:\/\/sda.tn\/wp-content\/uploads\/2022\/01\/cloisons_0000_istockphoto-538176518-612x612-1-300x160.jpg 300w, https:\/\/sda.tn\/wp-content\/uploads\/2022\/01\/cloisons_0000_istockphoto-538176518-612x612-1-1024x546.jpg 1024w, https:\/\/sda.tn\/wp-content\/uploads\/2022\/01\/cloisons_0000_istockphoto-538176518-612x612-1-768x410.jpg 768w\" sizes=\"(max-width: 1200px) 100vw, 1200px\" \/><\/div>\n<div class=\"edgtf-pli-text-holder\">\n\t<div class=\"edgtf-pli-text-wrapper\">\n\t\t<div class=\"edgtf-pli-text\">\n\t\t\t\n\t\t\t\n\t\t\t\n\t\t\t\t\t\t<div class=\"edgtf-pli-text-read-more-button\">\n\t\t\t\t<a itemprop=\"url\" href=\"https:\/\/sda.tn\/index.php\/portfolio-item\/cloisons-2\/\" target=\"_self\" class=\"edgtf-btn edgtf-btn-medium edgtf-btn-simple edgtf-pli-button\">\n\t\t\t\t\t<svg version=\"1.1\" id=\"btn-arrow-580507394\" xmlns=\"http:\/\/www.w3.org\/2000\/svg\" xmlns:xlink=\"http:\/\/www.w3.org\/1999\/xlink\" x=\"0px\" y=\"0px\"\n\t\t\t\t\t\t width=\"18px\" height=\"4px\" viewBox=\"0 0 18 4\" enable-background=\"new 0 0 18 4\" xml:space=\"preserve\">\n                <polyline fill=\"none\" stroke=\"#323232\" stroke-miterlimit=\"10\" points=\"0,3.508 16.809,3.508 13.686,0.342 \"\/>\n                <\/svg>\n\t\t\t\t<\/a>\n\t\t\t<\/div>\n\t\t<\/div>\n\t<\/div>\n<\/div>\n            <\/div>\n<\/article>\t<\/div>\n\t\n\t<\/div><\/div>\t\t<\/div>\n\t<\/div>\n<\/div><\/div>[\/vc_column][\/vc_row][vc_row row_content_width=\u00a0\u00bbgrid\u00a0\u00bb css=\u00a0\u00bb.vc_custom_1511423782909{padding-top: 88px !important;padding-bottom: 86px !important;}\u00a0\u00bb][vc_column offset=\u00a0\u00bbvc_col-lg-4 vc_col-md-12 vc_col-xs-12&Prime;]<div class=\"edgtf-elements-holder   edgtf-one-column  edgtf-responsive-mode-768 \" ><div class=\"edgtf-eh-item    \"  data-item-class=\"edgtf-eh-custom-9994\" data-1024-1280=\"0 0 0 37px\" data-768-1024=\"0 0 30px 0\" data-680-768=\"0 0 30px 0\" data-680=\"0 0% 30px 0%\">\n\t<div class=\"edgtf-eh-item-inner\">\n\t\t<div class=\"edgtf-eh-item-content edgtf-eh-custom-9994\" style=\"padding: 0 0% 0 10%\">\n\t\t\t<div class=\"edgtf-section-title-holder  edgtf-st-vertical-lines edgtf-st-disable-title-break edgtf-st-position-left edgtf-appear-fx\" >\n\t        <span class=\"edgtf-st-vertical-top\" ><\/span>\n\t\t<div class=\"edgtf-st-inner\">\n                    <div class=\"edgtf-st-title-holder\">\n                <h2 class=\"edgtf-st-title\" style=\"color: #202020\">\n                    Cloisons et<br \/> contre cloisons en plaque de pl\u00e2tre                <\/h2>\n            <\/div>\n\t\t\t\t\t<\/div>\n            <span class=\"edgtf-st-vertical-bottom\" ><\/span>\n    <\/div>\t\t<\/div>\n\t<\/div>\n<\/div><\/div>[\/vc_column][vc_column offset=\u00a0\u00bbvc_col-lg-8 vc_col-md-12 vc_col-xs-12&Prime;]<div class=\"edgtf-elements-holder   edgtf-one-column  edgtf-responsive-mode-768 \" ><div class=\"edgtf-eh-item    \"  data-item-class=\"edgtf-eh-custom-6479\" data-768-1024=\"0 14% 0 0\" data-680-768=\"0 14% 0 0\" data-680=\"0 11% 0 0%\">\n\t<div class=\"edgtf-eh-item-inner\">\n\t\t<div class=\"edgtf-eh-item-content edgtf-eh-custom-6479\" style=\"padding: 0 11% 0 13%\">\n\t\t\t[vc_column_text]<\/p>\n<p style=\"text-align: justify;\">Une contre-cloison est une paroi verticale, construite devant une autre paroi comprenant un espace entre les deux, elle se pose \u00e0 l&rsquo;int\u00e9rieur du b\u00e2timent et ne remplace pas une isolation ext\u00e9rieure. L&rsquo;espace peut ou ne pas \u00eatre rempli d&rsquo;un produit isolant.<br \/>\nChacun sait ce qu&rsquo;est une cloison mais une contre-cloison ? La contre-cloison se r\u00e9v\u00e8le utile dans diverses situations, isolation thermique ou acoustique d&rsquo;un mur mitoyen mais attention, elle ne doit pas \u00eatre consid\u00e9r\u00e9e comme un \u00e9l\u00e9ment structurel, ce n&rsquo;est pas un mur porteur. Dans le cadre de la r\u00e9novation, elle permet de mieux isoler un b\u00e2timent ou une habitation. Un logement mieux isol\u00e9 est le premier pas vers une facture \u00e9nerg\u00e9tique moins lourde et vers la transition \u00e9cologique. La contre-cloison peut \u00eatre un moyen astucieux de cacher les installations techniques (climatisation, plomberie, \u00e9lectricit\u00e9, etc.). C&rsquo;est l&rsquo;occasion de pr\u00e9voir le passage de certaines gaines \u00e9lectriques et autres.<\/p>\n<p>Les cloisons de distribution, ou distributives, divisent l&rsquo;espace habitable. Parall\u00e8lement \u00e0 leur fonction d&rsquo;agencement, elles peuvent r\u00e9pondre \u00e0 un besoin sp\u00e9cifique d&rsquo;isolation thermique et\/ou phonique.<br \/>\nLes cloisons distributives d\u00e9limitent donc les pi\u00e8ces et d\u00e9finissent les axes de circulation. Ces parois de 5 \u00e0 10 cm d&rsquo;\u00e9paisseur moyenne ne jouent pas de r\u00f4le structurel, except\u00e9 quand elles co\u00efncident avec un refend (un mur porteur int\u00e9rieur). Elles ont alors une quinzaine de centim\u00e8tres d&rsquo;\u00e9paisseur. Leur construction peut s&rsquo;envisager sur un mode humide ou sec.<\/p>\n<p>[\/vc_column_text]\t\t<\/div>\n\t<\/div>\n<\/div><\/div>[\/vc_column][\/vc_row][vc_row disable_background_image=\u00a0\u00bb\u00a0\u00bb content_text_aligment=\u00a0\u00bbleft\u00a0\u00bb simple_background_image=\u00a0\u00bb4086&Prime;][vc_column]<div class=\"edgtf-accordion-holder edgtf-ac-default  edgtf-accordion edgtf-in-grid edgtf-light-skin clearfix\">\n\t<h4 class=\"edgtf-accordion-title\">\n\t<span class=\"edgtf-accordion-width\">\n\t\t<span class=\"edgtf-tab-title\">Cloisons et contre cloisons en plaque de pl\u00e2tre<\/span>\n\t\t<span class=\"edgtf-accordion-mark\">\n\t\t\t<span class=\"edgtf_icon_plus lnr lnr-cross\"><\/span>\n\t\t<\/span>\n\t<\/span>\n<\/h4>\n<div class=\"edgtf-accordion-content\">\n\t<div class=\"edgtf-accordion-content-inner\">\n\t\t<div class=\"edgtf-accordion-width\">\n\t\t\t[vc_row_inner][vc_column_inner][vc_single_image image=\u00a0\u00bb4827&Prime; img_size=\u00a0\u00bbfull\u00a0\u00bb alignment=\u00a0\u00bbcenter\u00a0\u00bb][\/vc_column_inner][\/vc_row_inner]\t\t<\/div>\n\t<\/div>\n<\/div><\/div>[\/vc_column][\/vc_row]<\/p>\n","protected":false},"excerpt":{"rendered":"<p>[vc_row row_content_width=\u00a0\u00bbgrid\u00a0\u00bb css=\u00a0\u00bb.vc_custom_1513333482804{margin-top: -566px !important;}\u00a0\u00bb][vc_column][\/vc_column][\/vc_row][vc_row row_content_width=\u00a0\u00bbgrid\u00a0\u00bb css=\u00a0\u00bb.vc_custom_1511423782909{padding-top: 88px !important;padding-bottom: 86px !important;}\u00a0\u00bb][vc_column offset=\u00a0\u00bbvc_col-lg-4 vc_col-md-12 vc_col-xs-12&Prime;][\/vc_column][vc_column offset=\u00a0\u00bbvc_col-lg-8 vc_col-md-12 vc_col-xs-12&Prime;][\/vc_column][\/vc_row][vc_row disable_background_image=\u00a0\u00bb\u00a0\u00bb content_text_aligment=\u00a0\u00bbleft\u00a0\u00bb simple_background_image=\u00a0\u00bb4086&Prime;][vc_column][\/vc_column][\/vc_row]<\/p>\n","protected":false},"author":1,"featured_media":0,"parent":0,"menu_order":0,"comment_status":"closed","ping_status":"closed","template":"full-width.php","meta":[],"_links":{"self":[{"href":"https:\/\/sda.tn\/index.php\/wp-json\/wp\/v2\/pages\/4015"}],"collection":[{"href":"https:\/\/sda.tn\/index.php\/wp-json\/wp\/v2\/pages"}],"about":[{"href":"https:\/\/sda.tn\/index.php\/wp-json\/wp\/v2\/types\/page"}],"author":[{"embeddable":true,"href":"https:\/\/sda.tn\/index.php\/wp-json\/wp\/v2\/users\/1"}],"replies":[{"embeddable":true,"href":"https:\/\/sda.tn\/index.php\/wp-json\/wp\/v2\/comments?post=4015"}],"version-history":[{"count":10,"href":"https:\/\/sda.tn\/index.php\/wp-json\/wp\/v2\/pages\/4015\/revisions"}],"predecessor-version":[{"id":4828,"href":"https:\/\/sda.tn\/index.php\/wp-json\/wp\/v2\/pages\/4015\/revisions\/4828"}],"wp:attachment":[{"href":"https:\/\/sda.tn\/index.php\/wp-json\/wp\/v2\/media?parent=4015"}],"curies":[{"name":"wp","href":"https:\/\/api.w.org\/{rel}","templated":true}]}}