{"id":4011,"date":"2022-01-10T12:41:58","date_gmt":"2022-01-10T12:41:58","guid":{"rendered":"http:\/\/www.sda.liratravel.tn\/index.php\/faux-plafond-product-copy\/"},"modified":"2022-02-03T13:48:17","modified_gmt":"2022-02-03T13:48:17","slug":"faux-plancher","status":"publish","type":"page","link":"https:\/\/sda.tn\/index.php\/faux-plancher\/","title":{"rendered":"Faux plancher Technique"},"content":{"rendered":"<p>[vc_row row_content_width=\u00a0\u00bbgrid\u00a0\u00bb css=\u00a0\u00bb.vc_custom_1513333482804{margin-top: -566px !important;}\u00a0\u00bb][vc_column]<div class=\"edgtf-elements-holder   edgtf-one-column  edgtf-responsive-mode-768 \" ><div class=\"edgtf-eh-item    \"  data-item-class=\"edgtf-eh-custom-9525\" data-1280-1600=\"110px 0px 0px 0px\" data-1024-1280=\"110px 0px 0px 0px\" data-768-1024=\"150px 0px 0px 0px\" data-680-768=\"300px 0px 0px 0px\" data-680=\"380px 0px 0px 0px\">\n\t<div class=\"edgtf-eh-item-inner\">\n\t\t<div class=\"edgtf-eh-item-content edgtf-eh-custom-9525\" style=\"padding: 25px 0px 0px 0px\">\n\t\t\t<div class=\"edgtf-portfolio-slider-holder\"><div class=\"edgtf-portfolio-list-holder edgtf-pl-gallery edgtf-large-space edgtf-pl-one-column edgtf-pl-standard-shader edgtf-pl-skin-dark   edgtf-pl-no-content edgtf-pl-pag-no-pagination     edgtf-pag-below-slider edgtf-three-images-scrollable\"  data-type=gallery data-number-of-columns=1 data-space-between-items=large data-number-of-items=9 data-image-proportions=full data-enable-fixed-proportions=no data-enable-image-shadow=no data-category=faux-plancher data-orderby=date data-order=ASC data-item-style=standard-shader data-item-skin=dark data-enable-title=no data-title-tag=h4 data-enable-category=no data-enable-count-images=yes data-enable-excerpt=no data-excerpt-length=20 data-additional-data=year data-three-images=yes data-pagination-type=no-pagination data-filter=no data-filter-order-by=name data-enable-article-animation=no data-portfolio-slider-on=yes data-enable-loop=yes data-enable-autoplay=yes data-slider-speed=5000 data-slider-speed-animation=600 data-enable-navigation=yes data-out-navigation=yes data-enable-pagination=no data-pagination-position=below-slider data-max-num-pages=1 data-next-page=2>\n\t\t<div class=\"edgtf-pl-inner edgtf-outer-space edgtf-owl-slider edgtf-pl-is-slider edgtf-pl-slider-nav-out clearfix\">\n\t\t<article class=\"edgtf-pl-item edgtf-item-space  post-4406 portfolio-item type-portfolio-item status-publish has-post-thumbnail hentry portfolio-category-faux-plancher\">\n\t<div class=\"edgtf-pl-item-inner\">\n\t\t<div class=\"edgtf-pli-image\">\n\t<img width=\"1200\" height=\"640\" src=\"https:\/\/sda.tn\/wp-content\/uploads\/2022\/01\/faux-plancher_0002_plancher-technique.jpg\" class=\"attachment-full size-full wp-post-image\" alt=\"\" loading=\"lazy\" srcset=\"https:\/\/sda.tn\/wp-content\/uploads\/2022\/01\/faux-plancher_0002_plancher-technique.jpg 1200w, https:\/\/sda.tn\/wp-content\/uploads\/2022\/01\/faux-plancher_0002_plancher-technique-300x160.jpg 300w, https:\/\/sda.tn\/wp-content\/uploads\/2022\/01\/faux-plancher_0002_plancher-technique-1024x546.jpg 1024w, https:\/\/sda.tn\/wp-content\/uploads\/2022\/01\/faux-plancher_0002_plancher-technique-768x410.jpg 768w\" sizes=\"(max-width: 1200px) 100vw, 1200px\" \/><\/div>\n<div class=\"edgtf-pli-text-holder\">\n\t<div class=\"edgtf-pli-text-wrapper\">\n\t\t<div class=\"edgtf-pli-text\">\n\t\t\t\n\t\t\t\n\t\t\t\n\t\t\t\t\t\t<div class=\"edgtf-pli-text-read-more-button\">\n\t\t\t\t<a itemprop=\"url\" href=\"https:\/\/sda.tn\/index.php\/portfolio-item\/faux-plancher-1-2\/\" target=\"_self\" class=\"edgtf-btn edgtf-btn-medium edgtf-btn-simple edgtf-pli-button\">\n\t\t\t\t\t<svg version=\"1.1\" id=\"btn-arrow-908125675\" xmlns=\"http:\/\/www.w3.org\/2000\/svg\" xmlns:xlink=\"http:\/\/www.w3.org\/1999\/xlink\" x=\"0px\" y=\"0px\"\n\t\t\t\t\t\t width=\"18px\" height=\"4px\" viewBox=\"0 0 18 4\" enable-background=\"new 0 0 18 4\" xml:space=\"preserve\">\n                <polyline fill=\"none\" stroke=\"#323232\" stroke-miterlimit=\"10\" points=\"0,3.508 16.809,3.508 13.686,0.342 \"\/>\n                <\/svg>\n\t\t\t\t<\/a>\n\t\t\t<\/div>\n\t\t<\/div>\n\t<\/div>\n<\/div>\t\t\n\t\t<a itemprop=\"url\" class=\"edgtf-pli-link edgtf-block-drag-link\" href=\"https:\/\/sda.tn\/index.php\/portfolio-item\/faux-plancher-1-2\/\" target=\"_self\"><\/a>\n\t<\/div>\n<\/article><article class=\"edgtf-pl-item edgtf-item-space  post-4407 portfolio-item type-portfolio-item status-publish has-post-thumbnail hentry portfolio-category-faux-plancher\">\n\t<div class=\"edgtf-pl-item-inner\">\n\t\t<div class=\"edgtf-pli-image\">\n\t<img width=\"1200\" height=\"640\" src=\"https:\/\/sda.tn\/wp-content\/uploads\/2022\/01\/faux-plancher_0005_F.PLANCHER.jpg\" class=\"attachment-full size-full wp-post-image\" alt=\"\" loading=\"lazy\" srcset=\"https:\/\/sda.tn\/wp-content\/uploads\/2022\/01\/faux-plancher_0005_F.PLANCHER.jpg 1200w, https:\/\/sda.tn\/wp-content\/uploads\/2022\/01\/faux-plancher_0005_F.PLANCHER-300x160.jpg 300w, https:\/\/sda.tn\/wp-content\/uploads\/2022\/01\/faux-plancher_0005_F.PLANCHER-1024x546.jpg 1024w, https:\/\/sda.tn\/wp-content\/uploads\/2022\/01\/faux-plancher_0005_F.PLANCHER-768x410.jpg 768w\" sizes=\"(max-width: 1200px) 100vw, 1200px\" \/><\/div>\n<div class=\"edgtf-pli-text-holder\">\n\t<div class=\"edgtf-pli-text-wrapper\">\n\t\t<div class=\"edgtf-pli-text\">\n\t\t\t\n\t\t\t\n\t\t\t\n\t\t\t\t\t\t<div class=\"edgtf-pli-text-read-more-button\">\n\t\t\t\t<a itemprop=\"url\" href=\"https:\/\/sda.tn\/index.php\/portfolio-item\/faux-plancher-2-2\/\" target=\"_self\" class=\"edgtf-btn edgtf-btn-medium edgtf-btn-simple edgtf-pli-button\">\n\t\t\t\t\t<svg version=\"1.1\" id=\"btn-arrow-1209170248\" xmlns=\"http:\/\/www.w3.org\/2000\/svg\" xmlns:xlink=\"http:\/\/www.w3.org\/1999\/xlink\" x=\"0px\" y=\"0px\"\n\t\t\t\t\t\t width=\"18px\" height=\"4px\" viewBox=\"0 0 18 4\" enable-background=\"new 0 0 18 4\" xml:space=\"preserve\">\n                <polyline fill=\"none\" stroke=\"#323232\" stroke-miterlimit=\"10\" points=\"0,3.508 16.809,3.508 13.686,0.342 \"\/>\n                <\/svg>\n\t\t\t\t<\/a>\n\t\t\t<\/div>\n\t\t<\/div>\n\t<\/div>\n<\/div>\t\t\n\t\t<a itemprop=\"url\" class=\"edgtf-pli-link edgtf-block-drag-link\" href=\"https:\/\/sda.tn\/index.php\/portfolio-item\/faux-plancher-2-2\/\" target=\"_self\"><\/a>\n\t<\/div>\n<\/article><article class=\"edgtf-pl-item edgtf-item-space  post-4408 portfolio-item type-portfolio-item status-publish has-post-thumbnail hentry portfolio-category-faux-plancher\">\n\t<div class=\"edgtf-pl-item-inner\">\n\t\t<div class=\"edgtf-pli-image\">\n\t<img width=\"1200\" height=\"640\" src=\"https:\/\/sda.tn\/wp-content\/uploads\/2022\/01\/faux-plancher_0001_plancher_moquette.jpg\" class=\"attachment-full size-full wp-post-image\" alt=\"\" loading=\"lazy\" srcset=\"https:\/\/sda.tn\/wp-content\/uploads\/2022\/01\/faux-plancher_0001_plancher_moquette.jpg 1200w, https:\/\/sda.tn\/wp-content\/uploads\/2022\/01\/faux-plancher_0001_plancher_moquette-300x160.jpg 300w, https:\/\/sda.tn\/wp-content\/uploads\/2022\/01\/faux-plancher_0001_plancher_moquette-1024x546.jpg 1024w, https:\/\/sda.tn\/wp-content\/uploads\/2022\/01\/faux-plancher_0001_plancher_moquette-768x410.jpg 768w\" sizes=\"(max-width: 1200px) 100vw, 1200px\" \/><\/div>\n<div class=\"edgtf-pli-text-holder\">\n\t<div class=\"edgtf-pli-text-wrapper\">\n\t\t<div class=\"edgtf-pli-text\">\n\t\t\t\n\t\t\t\n\t\t\t\n\t\t\t\t\t\t<div class=\"edgtf-pli-text-read-more-button\">\n\t\t\t\t<a itemprop=\"url\" href=\"https:\/\/sda.tn\/index.php\/portfolio-item\/faux-plancher-3\/\" target=\"_self\" class=\"edgtf-btn edgtf-btn-medium edgtf-btn-simple edgtf-pli-button\">\n\t\t\t\t\t<svg version=\"1.1\" id=\"btn-arrow-1845804573\" xmlns=\"http:\/\/www.w3.org\/2000\/svg\" xmlns:xlink=\"http:\/\/www.w3.org\/1999\/xlink\" x=\"0px\" y=\"0px\"\n\t\t\t\t\t\t width=\"18px\" height=\"4px\" viewBox=\"0 0 18 4\" enable-background=\"new 0 0 18 4\" xml:space=\"preserve\">\n                <polyline fill=\"none\" stroke=\"#323232\" stroke-miterlimit=\"10\" points=\"0,3.508 16.809,3.508 13.686,0.342 \"\/>\n                <\/svg>\n\t\t\t\t<\/a>\n\t\t\t<\/div>\n\t\t<\/div>\n\t<\/div>\n<\/div>\t\t\n\t\t<a itemprop=\"url\" class=\"edgtf-pli-link edgtf-block-drag-link\" href=\"https:\/\/sda.tn\/index.php\/portfolio-item\/faux-plancher-3\/\" target=\"_self\"><\/a>\n\t<\/div>\n<\/article><article class=\"edgtf-pl-item edgtf-item-space  post-4410 portfolio-item type-portfolio-item status-publish has-post-thumbnail hentry portfolio-category-faux-plancher\">\n\t<div class=\"edgtf-pl-item-inner\">\n\t\t<div class=\"edgtf-pli-image\">\n\t<img width=\"1200\" height=\"640\" src=\"https:\/\/sda.tn\/wp-content\/uploads\/2022\/01\/faux-plancher_0000_20180524_100305.jpg\" class=\"attachment-full size-full wp-post-image\" alt=\"\" loading=\"lazy\" srcset=\"https:\/\/sda.tn\/wp-content\/uploads\/2022\/01\/faux-plancher_0000_20180524_100305.jpg 1200w, https:\/\/sda.tn\/wp-content\/uploads\/2022\/01\/faux-plancher_0000_20180524_100305-300x160.jpg 300w, https:\/\/sda.tn\/wp-content\/uploads\/2022\/01\/faux-plancher_0000_20180524_100305-1024x546.jpg 1024w, https:\/\/sda.tn\/wp-content\/uploads\/2022\/01\/faux-plancher_0000_20180524_100305-768x410.jpg 768w\" sizes=\"(max-width: 1200px) 100vw, 1200px\" \/><\/div>\n<div class=\"edgtf-pli-text-holder\">\n\t<div class=\"edgtf-pli-text-wrapper\">\n\t\t<div class=\"edgtf-pli-text\">\n\t\t\t\n\t\t\t\n\t\t\t\n\t\t\t\t\t\t<div class=\"edgtf-pli-text-read-more-button\">\n\t\t\t\t<a itemprop=\"url\" href=\"https:\/\/sda.tn\/index.php\/portfolio-item\/faux-plancher-5\/\" target=\"_self\" class=\"edgtf-btn edgtf-btn-medium edgtf-btn-simple edgtf-pli-button\">\n\t\t\t\t\t<svg version=\"1.1\" id=\"btn-arrow-1080149992\" xmlns=\"http:\/\/www.w3.org\/2000\/svg\" xmlns:xlink=\"http:\/\/www.w3.org\/1999\/xlink\" x=\"0px\" y=\"0px\"\n\t\t\t\t\t\t width=\"18px\" height=\"4px\" viewBox=\"0 0 18 4\" enable-background=\"new 0 0 18 4\" xml:space=\"preserve\">\n                <polyline fill=\"none\" stroke=\"#323232\" stroke-miterlimit=\"10\" points=\"0,3.508 16.809,3.508 13.686,0.342 \"\/>\n                <\/svg>\n\t\t\t\t<\/a>\n\t\t\t<\/div>\n\t\t<\/div>\n\t<\/div>\n<\/div>\t\t\n\t\t<a itemprop=\"url\" class=\"edgtf-pli-link edgtf-block-drag-link\" href=\"https:\/\/sda.tn\/index.php\/portfolio-item\/faux-plancher-5\/\" target=\"_self\"><\/a>\n\t<\/div>\n<\/article><article class=\"edgtf-pl-item edgtf-item-space  post-4418 portfolio-item type-portfolio-item status-publish has-post-thumbnail hentry portfolio-category-faux-plancher\">\n\t<div class=\"edgtf-pl-item-inner\">\n\t\t<div class=\"edgtf-pli-image\">\n\t<img width=\"1200\" height=\"640\" src=\"https:\/\/sda.tn\/wp-content\/uploads\/2022\/01\/faux-plancher_0003_20190115_132304.jpg\" class=\"attachment-full size-full wp-post-image\" alt=\"\" loading=\"lazy\" srcset=\"https:\/\/sda.tn\/wp-content\/uploads\/2022\/01\/faux-plancher_0003_20190115_132304.jpg 1200w, https:\/\/sda.tn\/wp-content\/uploads\/2022\/01\/faux-plancher_0003_20190115_132304-300x160.jpg 300w, https:\/\/sda.tn\/wp-content\/uploads\/2022\/01\/faux-plancher_0003_20190115_132304-1024x546.jpg 1024w, https:\/\/sda.tn\/wp-content\/uploads\/2022\/01\/faux-plancher_0003_20190115_132304-768x410.jpg 768w\" sizes=\"(max-width: 1200px) 100vw, 1200px\" \/><\/div>\n<div class=\"edgtf-pli-text-holder\">\n\t<div class=\"edgtf-pli-text-wrapper\">\n\t\t<div class=\"edgtf-pli-text\">\n\t\t\t\n\t\t\t\n\t\t\t\n\t\t\t\t\t\t<div class=\"edgtf-pli-text-read-more-button\">\n\t\t\t\t<a itemprop=\"url\" href=\"https:\/\/sda.tn\/index.php\/portfolio-item\/faux-plancher-6\/\" target=\"_self\" class=\"edgtf-btn edgtf-btn-medium edgtf-btn-simple edgtf-pli-button\">\n\t\t\t\t\t<svg version=\"1.1\" id=\"btn-arrow-1632540737\" xmlns=\"http:\/\/www.w3.org\/2000\/svg\" xmlns:xlink=\"http:\/\/www.w3.org\/1999\/xlink\" x=\"0px\" y=\"0px\"\n\t\t\t\t\t\t width=\"18px\" height=\"4px\" viewBox=\"0 0 18 4\" enable-background=\"new 0 0 18 4\" xml:space=\"preserve\">\n                <polyline fill=\"none\" stroke=\"#323232\" stroke-miterlimit=\"10\" points=\"0,3.508 16.809,3.508 13.686,0.342 \"\/>\n                <\/svg>\n\t\t\t\t<\/a>\n\t\t\t<\/div>\n\t\t<\/div>\n\t<\/div>\n<\/div>\t\t\n\t\t<a itemprop=\"url\" class=\"edgtf-pli-link edgtf-block-drag-link\" href=\"https:\/\/sda.tn\/index.php\/portfolio-item\/faux-plancher-6\/\" target=\"_self\"><\/a>\n\t<\/div>\n<\/article>\t<\/div>\n\t\n\t<\/div><\/div>\t\t<\/div>\n\t<\/div>\n<\/div><\/div>[\/vc_column][\/vc_row][vc_row row_content_width=\u00a0\u00bbgrid\u00a0\u00bb css=\u00a0\u00bb.vc_custom_1511423782909{padding-top: 88px !important;padding-bottom: 86px !important;}\u00a0\u00bb][vc_column offset=\u00a0\u00bbvc_col-lg-4 vc_col-md-12 vc_col-xs-12&Prime;]<div class=\"edgtf-elements-holder   edgtf-one-column  edgtf-responsive-mode-768 \" ><div class=\"edgtf-eh-item    \"  data-item-class=\"edgtf-eh-custom-9984\" data-1024-1280=\"0 0 0 37px\" data-768-1024=\"0 0 30px 0\" data-680-768=\"0 0 30px 0\" data-680=\"0 0% 30px 0%\">\n\t<div class=\"edgtf-eh-item-inner\">\n\t\t<div class=\"edgtf-eh-item-content edgtf-eh-custom-9984\" style=\"padding: 0 0% 0 10%\">\n\t\t\t<div class=\"edgtf-section-title-holder  edgtf-st-vertical-lines edgtf-st-disable-title-break edgtf-st-position-left edgtf-appear-fx\" >\n\t        <span class=\"edgtf-st-vertical-top\" ><\/span>\n\t\t<div class=\"edgtf-st-inner\">\n                    <div class=\"edgtf-st-title-holder\">\n                <h2 class=\"edgtf-st-title\" style=\"color: #202020\">\n                    Faux plancher<br \/> Technique                <\/h2>\n            <\/div>\n\t\t\t\t\t<\/div>\n            <span class=\"edgtf-st-vertical-bottom\" ><\/span>\n    <\/div>\t\t<\/div>\n\t<\/div>\n<\/div><\/div>[\/vc_column][vc_column offset=\u00a0\u00bbvc_col-lg-8 vc_col-md-12 vc_col-xs-12&Prime;]<div class=\"edgtf-elements-holder   edgtf-one-column  edgtf-responsive-mode-768 \" ><div class=\"edgtf-eh-item    \"  data-item-class=\"edgtf-eh-custom-8462\" data-768-1024=\"0 14% 0 0\" data-680-768=\"0 14% 0 0\" data-680=\"0 11% 0 0%\">\n\t<div class=\"edgtf-eh-item-inner\">\n\t\t<div class=\"edgtf-eh-item-content edgtf-eh-custom-8462\" style=\"padding: 0 11% 0 13%\">\n\t\t\t[vc_empty_space height=\u00a0\u00bb80px\u00a0\u00bb][vc_column_text]<\/p>\n<p style=\"text-align: justify;\">Les planchers techniques sont des planchers constitu\u00e9s de plaques amovibles pos\u00e9es sur une structure r\u00e9glable, permettant l\u2019installation facile des r\u00e9seaux \u00e9lectriques, et leur modification au gr\u00e9 des besoins et des r\u00e9am\u00e9nagements. C\u2019est une technique de choix utilis\u00e9e actuellement pour les sols de bureaux.<\/p>\n<p>[\/vc_column_text]\t\t<\/div>\n\t<\/div>\n<\/div><\/div>[\/vc_column][\/vc_row]<\/p>\n","protected":false},"excerpt":{"rendered":"<p>[vc_row row_content_width=\u00a0\u00bbgrid\u00a0\u00bb css=\u00a0\u00bb.vc_custom_1513333482804{margin-top: -566px !important;}\u00a0\u00bb][vc_column][\/vc_column][\/vc_row][vc_row row_content_width=\u00a0\u00bbgrid\u00a0\u00bb css=\u00a0\u00bb.vc_custom_1511423782909{padding-top: 88px !important;padding-bottom: 86px !important;}\u00a0\u00bb][vc_column offset=\u00a0\u00bbvc_col-lg-4 vc_col-md-12 vc_col-xs-12&Prime;][\/vc_column][vc_column offset=\u00a0\u00bbvc_col-lg-8 vc_col-md-12 vc_col-xs-12&Prime;][\/vc_column][\/vc_row]<\/p>\n","protected":false},"author":1,"featured_media":0,"parent":0,"menu_order":0,"comment_status":"closed","ping_status":"closed","template":"full-width.php","meta":[],"_links":{"self":[{"href":"https:\/\/sda.tn\/index.php\/wp-json\/wp\/v2\/pages\/4011"}],"collection":[{"href":"https:\/\/sda.tn\/index.php\/wp-json\/wp\/v2\/pages"}],"about":[{"href":"https:\/\/sda.tn\/index.php\/wp-json\/wp\/v2\/types\/page"}],"author":[{"embeddable":true,"href":"https:\/\/sda.tn\/index.php\/wp-json\/wp\/v2\/users\/1"}],"replies":[{"embeddable":true,"href":"https:\/\/sda.tn\/index.php\/wp-json\/wp\/v2\/comments?post=4011"}],"version-history":[{"count":7,"href":"https:\/\/sda.tn\/index.php\/wp-json\/wp\/v2\/pages\/4011\/revisions"}],"predecessor-version":[{"id":4816,"href":"https:\/\/sda.tn\/index.php\/wp-json\/wp\/v2\/pages\/4011\/revisions\/4816"}],"wp:attachment":[{"href":"https:\/\/sda.tn\/index.php\/wp-json\/wp\/v2\/media?parent=4011"}],"curies":[{"name":"wp","href":"https:\/\/api.w.org\/{rel}","templated":true}]}}