{"id":1022,"date":"2017-11-08T14:06:59","date_gmt":"2017-11-08T14:06:59","guid":{"rendered":"http:\/\/aalto.edge-themes.com\/?page_id=1022"},"modified":"2022-01-31T16:00:04","modified_gmt":"2022-01-31T16:00:04","slug":"a-propos-de-nous","status":"publish","type":"page","link":"https:\/\/sda.tn\/index.php\/a-propos-de-nous\/","title":{"rendered":"A propos de nous"},"content":{"rendered":"<p>[vc_row parallax_background_image=\u00a0\u00bb2125&Prime; parallax_bg_height=\u00a0\u00bb520px\u00a0\u00bb][vc_column]<div class=\"edgtf-elements-holder   edgtf-one-column  edgtf-responsive-mode-768 \" ><div class=\"edgtf-eh-item   edgtf-horizontal-alignment-center \"  data-item-class=\"edgtf-eh-custom-5105\" data-768-1024=\"187px 0 207px 0\" data-680-768=\"169px 0 113px 0\" data-680=\"142px 0 126px 0\">\n\t<div class=\"edgtf-eh-item-inner\">\n\t\t<div class=\"edgtf-eh-item-content edgtf-eh-custom-5105\" style=\"padding: 194px 0 0 0\">\n\t\t\t[vc_column_text]<\/p>\n<p style=\"text-align: center;\"><span style=\"color: #ffffff; font-family: 'Roboto Condensed',sans-serif; font-size: 100px; line-height: 105px; font-weight: bold;\">SDA<\/span><\/p>\n<p>[\/vc_column_text][vc_column_text css=\u00a0\u00bb.vc_custom_1640961634004{margin-top: -16px !important;}\u00a0\u00bb]<\/p>\n<h5 style=\"text-align: center;\"><span style=\"color: #ffffff;\">Soci\u00e9t\u00e9 d\u00e9coration et Agencement<\/span><\/h5>\n<p>[\/vc_column_text]\t\t<\/div>\n\t<\/div>\n<\/div><\/div>[\/vc_column][\/vc_row][vc_row row_content_width=\u00a0\u00bbgrid\u00a0\u00bb css=\u00a0\u00bb.vc_custom_1511607172848{padding-top: 85px !important;padding-bottom: 74px !important;}\u00a0\u00bb][vc_column offset=\u00a0\u00bbvc_col-lg-6 vc_col-md-12 vc_col-xs-12&Prime;]<div class=\"edgtf-elements-holder   edgtf-one-column  edgtf-responsive-mode-768 \" ><div class=\"edgtf-eh-item    \"  data-item-class=\"edgtf-eh-custom-5144\" data-768-1024=\"0 0% 15px 0%\" data-680-768=\"0 0% 15px 0%\" data-680=\"0 0% 15px 0%\">\n\t<div class=\"edgtf-eh-item-inner\">\n\t\t<div class=\"edgtf-eh-item-content edgtf-eh-custom-5144\" style=\"padding: 0 0% 0 16%\">\n\t\t\t<div class=\"edgtf-section-title-holder  edgtf-st-standard  edgtf-st-position-left edgtf-appear-fx\" >\n\t\t<div class=\"edgtf-st-inner\">\n                    <div class=\"edgtf-st-title-holder\">\n                <h2 class=\"edgtf-st-title\" style=\"color: #202020\">\n                    A propos de nous                <\/h2>\n            <\/div>\n\t\t\t\t\t<\/div>\n    <\/div>[vc_single_image image=\u00a0\u00bb4562&Prime; img_size=\u00a0\u00bbfull\u00a0\u00bb]\t\t<\/div>\n\t<\/div>\n<\/div><\/div>[\/vc_column][vc_column offset=\u00a0\u00bbvc_col-lg-6 vc_col-md-12 vc_col-xs-12&Prime;]<div class=\"edgtf-elements-holder   edgtf-one-column  edgtf-responsive-mode-768 \" ><div class=\"edgtf-eh-item    \"  data-item-class=\"edgtf-eh-custom-1332\">\n\t<div class=\"edgtf-eh-item-inner\">\n\t\t<div class=\"edgtf-eh-item-content edgtf-eh-custom-1332\" style=\"padding: 0 20% 0 0%\">\n\t\t\t[vc_empty_space height=\u00a0\u00bb80px\u00a0\u00bb][vc_column_text]<\/p>\n<p style=\"text-align: justify;\">Fond\u00e9e en 1999, avec plus de 20 ans d\u2019exp\u00e9rience sur le march\u00e9 national, gr\u00e2ce \u00e0 notre expertise \u2018\u2019SDA AGENCEMENT\u2019\u2019 a pu acqu\u00e9rir une bonne r\u00e9putation et de s\u2019imposer comme une r\u00e9f\u00e9rence du secteur d\u2019am\u00e9nagement d\u2019espaces.<br \/>\nG\u00e9n\u00e9raliste de l\u2019agencement, notre \u00e9quipe vous propose par ses comp\u00e9tences, son exp\u00e9rience et ses moyens de production de r\u00e9pondre \u00e0 la r\u00e9alisation de vos espaces dans le respect de vos concepts et de vos budgets.<\/p>\n<p>[\/vc_column_text]\t\t<\/div>\n\t<\/div>\n<\/div><\/div>[\/vc_column][\/vc_row]<\/p>\n","protected":false},"excerpt":{"rendered":"<p>[vc_row parallax_background_image=\u00a0\u00bb2125&Prime; parallax_bg_height=\u00a0\u00bb520px\u00a0\u00bb][vc_column][\/vc_column][\/vc_row][vc_row row_content_width=\u00a0\u00bbgrid\u00a0\u00bb css=\u00a0\u00bb.vc_custom_1511607172848{padding-top: 85px !important;padding-bottom: 74px !important;}\u00a0\u00bb][vc_column offset=\u00a0\u00bbvc_col-lg-6 vc_col-md-12 vc_col-xs-12&Prime;][\/vc_column][vc_column offset=\u00a0\u00bbvc_col-lg-6 vc_col-md-12 vc_col-xs-12&Prime;][\/vc_column][\/vc_row]<\/p>\n","protected":false},"author":1,"featured_media":0,"parent":0,"menu_order":0,"comment_status":"closed","ping_status":"closed","template":"full-width.php","meta":[],"_links":{"self":[{"href":"https:\/\/sda.tn\/index.php\/wp-json\/wp\/v2\/pages\/1022"}],"collection":[{"href":"https:\/\/sda.tn\/index.php\/wp-json\/wp\/v2\/pages"}],"about":[{"href":"https:\/\/sda.tn\/index.php\/wp-json\/wp\/v2\/types\/page"}],"author":[{"embeddable":true,"href":"https:\/\/sda.tn\/index.php\/wp-json\/wp\/v2\/users\/1"}],"replies":[{"embeddable":true,"href":"https:\/\/sda.tn\/index.php\/wp-json\/wp\/v2\/comments?post=1022"}],"version-history":[{"count":13,"href":"https:\/\/sda.tn\/index.php\/wp-json\/wp\/v2\/pages\/1022\/revisions"}],"predecessor-version":[{"id":4600,"href":"https:\/\/sda.tn\/index.php\/wp-json\/wp\/v2\/pages\/1022\/revisions\/4600"}],"wp:attachment":[{"href":"https:\/\/sda.tn\/index.php\/wp-json\/wp\/v2\/media?parent=1022"}],"curies":[{"name":"wp","href":"https:\/\/api.w.org\/{rel}","templated":true}]}}